{"id":4441,"date":"2024-11-22T15:36:04","date_gmt":"2024-11-22T20:36:04","guid":{"rendered":"https:\/\/electroredescasanare.com\/?post_type=product&#038;p=4441"},"modified":"2024-11-22T16:19:53","modified_gmt":"2024-11-22T21:19:53","slug":"patch-panel-cat6-24-pto-powest","status":"publish","type":"product","link":"https:\/\/electroredescasanare.com\/index.php\/product\/patch-panel-cat6-24-pto-powest\/","title":{"rendered":"PATCH PANEL CAT6 24 PTO POWEST"},"content":{"rendered":"<p>Port panel, con organizador horizontal integrado, compatibilidad con Jack Cat 5e, 6, 6a, tapa espacios, conector HDMI marca POWEST y\/o otras marcas.<\/p>\n","protected":false},"excerpt":{"rendered":"<p>CARACTERISTICAS:<\/p>\n<p>&#8211; Contacto seg\u00fan FCC68-F &amp; 1EC-60603-7.<br \/>\n&#8211; Bronce fosforado con chapado en 3u &#8211; 50u.<br \/>\n&#8211; Voltaje 150 VacMAX.<br \/>\n&#8211; Resistencia de aislamiento 500\u03a9.<br \/>\n&#8211; Esquema del cable T568A\/B.<br \/>\n&#8211; Vida de Inserci\u00f3n del Jack, M\u00ednimo \u22651000 Veces<br \/>\n&#8211; Jacks desmontables para f\u00e1cil administraci\u00f3n e instalaci\u00f3n.<br \/>\n&#8211; Organizador horizontal integrado.<\/p>\n","protected":false},"featured_media":4447,"template":"","meta":{"_uag_custom_page_level_css":"","_joinchat":[]},"product_cat":[106,152],"product_tag":[],"uagb_featured_image_src":{"full":["https:\/\/electroredescasanare.com\/wp-content\/uploads\/2024\/11\/D_NQ_NP_710374-MCO76553471964_052024-O.webp",500,259,false],"thumbnail":["https:\/\/electroredescasanare.com\/wp-content\/uploads\/2024\/11\/D_NQ_NP_710374-MCO76553471964_052024-O-150x150.webp",150,150,true],"medium":["https:\/\/electroredescasanare.com\/wp-content\/uploads\/2024\/11\/D_NQ_NP_710374-MCO76553471964_052024-O-300x155.webp",300,155,true],"medium_large":["https:\/\/electroredescasanare.com\/wp-content\/uploads\/2024\/11\/D_NQ_NP_710374-MCO76553471964_052024-O.webp",500,259,false],"large":["https:\/\/electroredescasanare.com\/wp-content\/uploads\/2024\/11\/D_NQ_NP_710374-MCO76553471964_052024-O.webp",500,259,false],"1536x1536":["https:\/\/electroredescasanare.com\/wp-content\/uploads\/2024\/11\/D_NQ_NP_710374-MCO76553471964_052024-O.webp",500,259,false],"2048x2048":["https:\/\/electroredescasanare.com\/wp-content\/uploads\/2024\/11\/D_NQ_NP_710374-MCO76553471964_052024-O.webp",500,259,false],"post-thumbnail":["https:\/\/electroredescasanare.com\/wp-content\/uploads\/2024\/11\/D_NQ_NP_710374-MCO76553471964_052024-O.webp",500,259,false],"vantage-thumbnail-no-sidebar":["https:\/\/electroredescasanare.com\/wp-content\/uploads\/2024\/11\/D_NQ_NP_710374-MCO76553471964_052024-O.webp",500,259,false],"vantage-slide":["https:\/\/electroredescasanare.com\/wp-content\/uploads\/2024\/11\/D_NQ_NP_710374-MCO76553471964_052024-O.webp",500,259,false],"vantage-carousel":["https:\/\/electroredescasanare.com\/wp-content\/uploads\/2024\/11\/D_NQ_NP_710374-MCO76553471964_052024-O.webp",272,141,false],"vantage-grid-loop":["https:\/\/electroredescasanare.com\/wp-content\/uploads\/2024\/11\/D_NQ_NP_710374-MCO76553471964_052024-O.webp",436,226,false],"mailpoet_newsletter_max":["https:\/\/electroredescasanare.com\/wp-content\/uploads\/2024\/11\/D_NQ_NP_710374-MCO76553471964_052024-O.webp",500,259,false],"woocommerce_thumbnail":["https:\/\/electroredescasanare.com\/wp-content\/uploads\/2024\/11\/D_NQ_NP_710374-MCO76553471964_052024-O-300x259.webp",300,259,true],"woocommerce_single":["https:\/\/electroredescasanare.com\/wp-content\/uploads\/2024\/11\/D_NQ_NP_710374-MCO76553471964_052024-O.webp",500,259,false],"woocommerce_gallery_thumbnail":["https:\/\/electroredescasanare.com\/wp-content\/uploads\/2024\/11\/D_NQ_NP_710374-MCO76553471964_052024-O-100x100.webp",100,100,true]},"uagb_author_info":{"display_name":"jhonacost@gmail.com","author_link":"https:\/\/electroredescasanare.com\/index.php\/author\/"},"uagb_comment_info":0,"uagb_excerpt":"CARACTERISTICAS: - Contacto seg\u00fan FCC68-F &amp; 1EC-60603-7. - Bronce fosforado con chapado en 3u - 50u. - Voltaje 150 VacMAX. - Resistencia de aislamiento 500\u03a9. - Esquema del cable T568A\/B. - Vida de Inserci\u00f3n del Jack, M\u00ednimo \u22651000 Veces - Jacks desmontables para f\u00e1cil administraci\u00f3n e instalaci\u00f3n. - Organizador horizontal integrado.","_links":{"self":[{"href":"https:\/\/electroredescasanare.com\/index.php\/wp-json\/wp\/v3\/product\/4441"}],"collection":[{"href":"https:\/\/electroredescasanare.com\/index.php\/wp-json\/wp\/v3\/product"}],"about":[{"href":"https:\/\/electroredescasanare.com\/index.php\/wp-json\/wp\/v2\/types\/product"}],"wp:featuredmedia":[{"embeddable":true,"href":"https:\/\/electroredescasanare.com\/index.php\/wp-json\/wp\/v2\/media\/4447"}],"wp:attachment":[{"href":"https:\/\/electroredescasanare.com\/index.php\/wp-json\/wp\/v2\/media?parent=4441"}],"wp:term":[{"taxonomy":"product_cat","embeddable":true,"href":"https:\/\/electroredescasanare.com\/index.php\/wp-json\/wp\/v2\/product_cat?post=4441"},{"taxonomy":"product_tag","embeddable":true,"href":"https:\/\/electroredescasanare.com\/index.php\/wp-json\/wp\/v2\/product_tag?post=4441"}],"curies":[{"name":"wp","href":"https:\/\/api.w.org\/{rel}","templated":true}]}}