{"id":4350,"date":"2024-01-23T12:08:18","date_gmt":"2024-01-23T17:08:18","guid":{"rendered":"https:\/\/electroredescasanare.com\/?post_type=product&#038;p=4350"},"modified":"2024-01-23T12:14:51","modified_gmt":"2024-01-23T17:14:51","slug":"mouse-jyr-ref-mojr-028","status":"publish","type":"product","link":"https:\/\/electroredescasanare.com\/index.php\/product\/mouse-jyr-ref-mojr-028\/","title":{"rendered":"MOUSE JYR REF. MOJR-028"},"content":{"rendered":"<p>Adaptado a tus movimientos, su dise\u00f1o eficaz hace de este mouse un elemento c\u00f3modo, con una gran experiencia de uso para aquellas personas que buscan seguridad en cada click, El sistema de detecci\u00f3n de movimiento \u00f3ptico te permitir\u00e1 mover el cursor de una manera m\u00e1s precisa y sensible que en los sistemas tradicionales.<\/p>\n","protected":false},"excerpt":{"rendered":"<p>CARACTERISTICAS:<br \/>\n&#8211; Longitud del cable: 1.5 metros<br \/>\n&#8211; 2 Botones e incluye una rueda suave de desplazamiento integrada<br \/>\n&#8211; Tipo de mouse: Convencional<br \/>\n&#8211; Sensor \u00f3ptico<br \/>\n&#8211; Resoluci\u00f3n del sensor graduable desde 800 a 2400 dpi<\/p>\n","protected":false},"featured_media":4352,"template":"","meta":{"_uag_custom_page_level_css":"","_joinchat":[]},"product_cat":[151,76],"product_tag":[],"uagb_featured_image_src":{"full":["https:\/\/electroredescasanare.com\/wp-content\/uploads\/2024\/01\/MOJR-028-1.jpg",1000,1000,false],"thumbnail":["https:\/\/electroredescasanare.com\/wp-content\/uploads\/2024\/01\/MOJR-028-1-150x150.jpg",150,150,true],"medium":["https:\/\/electroredescasanare.com\/wp-content\/uploads\/2024\/01\/MOJR-028-1-300x300.jpg",300,300,true],"medium_large":["https:\/\/electroredescasanare.com\/wp-content\/uploads\/2024\/01\/MOJR-028-1-768x768.jpg",720,720,true],"large":["https:\/\/electroredescasanare.com\/wp-content\/uploads\/2024\/01\/MOJR-028-1.jpg",720,720,false],"1536x1536":["https:\/\/electroredescasanare.com\/wp-content\/uploads\/2024\/01\/MOJR-028-1.jpg",1000,1000,false],"2048x2048":["https:\/\/electroredescasanare.com\/wp-content\/uploads\/2024\/01\/MOJR-028-1.jpg",1000,1000,false],"post-thumbnail":["https:\/\/electroredescasanare.com\/wp-content\/uploads\/2024\/01\/MOJR-028-1.jpg",380,380,false],"vantage-thumbnail-no-sidebar":["https:\/\/electroredescasanare.com\/wp-content\/uploads\/2024\/01\/MOJR-028-1.jpg",380,380,false],"vantage-slide":["https:\/\/electroredescasanare.com\/wp-content\/uploads\/2024\/01\/MOJR-028-1.jpg",480,480,false],"vantage-carousel":["https:\/\/electroredescasanare.com\/wp-content\/uploads\/2024\/01\/MOJR-028-1.jpg",182,182,false],"vantage-grid-loop":["https:\/\/electroredescasanare.com\/wp-content\/uploads\/2024\/01\/MOJR-028-1.jpg",272,272,false],"mailpoet_newsletter_max":["https:\/\/electroredescasanare.com\/wp-content\/uploads\/2024\/01\/MOJR-028-1.jpg",1000,1000,false],"woocommerce_thumbnail":["https:\/\/electroredescasanare.com\/wp-content\/uploads\/2024\/01\/MOJR-028-1-300x300.jpg",300,300,true],"woocommerce_single":["https:\/\/electroredescasanare.com\/wp-content\/uploads\/2024\/01\/MOJR-028-1-600x600.jpg",600,600,true],"woocommerce_gallery_thumbnail":["https:\/\/electroredescasanare.com\/wp-content\/uploads\/2024\/01\/MOJR-028-1-100x100.jpg",100,100,true]},"uagb_author_info":{"display_name":"jhonacost@gmail.com","author_link":"https:\/\/electroredescasanare.com\/index.php\/author\/"},"uagb_comment_info":0,"uagb_excerpt":"CARACTERISTICAS: - Longitud del cable: 1.5 metros - 2 Botones e incluye una rueda suave de desplazamiento integrada - Tipo de mouse: Convencional - Sensor \u00f3ptico - Resoluci\u00f3n del sensor graduable desde 800 a 2400 dpi","_links":{"self":[{"href":"https:\/\/electroredescasanare.com\/index.php\/wp-json\/wp\/v3\/product\/4350"}],"collection":[{"href":"https:\/\/electroredescasanare.com\/index.php\/wp-json\/wp\/v3\/product"}],"about":[{"href":"https:\/\/electroredescasanare.com\/index.php\/wp-json\/wp\/v2\/types\/product"}],"wp:featuredmedia":[{"embeddable":true,"href":"https:\/\/electroredescasanare.com\/index.php\/wp-json\/wp\/v2\/media\/4352"}],"wp:attachment":[{"href":"https:\/\/electroredescasanare.com\/index.php\/wp-json\/wp\/v2\/media?parent=4350"}],"wp:term":[{"taxonomy":"product_cat","embeddable":true,"href":"https:\/\/electroredescasanare.com\/index.php\/wp-json\/wp\/v2\/product_cat?post=4350"},{"taxonomy":"product_tag","embeddable":true,"href":"https:\/\/electroredescasanare.com\/index.php\/wp-json\/wp\/v2\/product_tag?post=4350"}],"curies":[{"name":"wp","href":"https:\/\/api.w.org\/{rel}","templated":true}]}}