{"id":4286,"date":"2024-01-22T16:54:57","date_gmt":"2024-01-22T21:54:57","guid":{"rendered":"https:\/\/electroredescasanare.com\/?post_type=product&#038;p=4286"},"modified":"2024-01-22T17:16:41","modified_gmt":"2024-01-22T22:16:41","slug":"base-metalica-jaltech","status":"publish","type":"product","link":"https:\/\/electroredescasanare.com\/index.php\/product\/base-metalica-jaltech\/","title":{"rendered":"BASE METALICA JALTECH"},"content":{"rendered":"<p>Si est\u00e1s buscando una soluci\u00f3n para mejorar la refrigeraci\u00f3n de tu equipo y evitar el sobrecalentamiento, las bases refrigerantes son una excelente opci\u00f3n. Con su sistema de ventiladores, podr\u00e1s obtener un mejor rendimiento de tu equipo de c\u00f3mputo al mantenerlo a una temperatura \u00f3ptima<\/p>\n","protected":false},"excerpt":{"rendered":"<p>CARACTERISTICAS:<br \/>\n\u2013 Material aleaci\u00f3n de aluminio y silicona<br \/>\n\u2013 7 \u00c1ngulos de ajustes<br \/>\n\u2013 Plegable<br \/>\n\u2013 bolsa para guardar<br \/>\n\u2013 Almohadillas antideslizantes<\/p>\n","protected":false},"featured_media":4287,"template":"","meta":{"_uag_custom_page_level_css":"","_joinchat":{"telephone":"+573138298106"}},"product_cat":[77,76],"product_tag":[],"uagb_featured_image_src":{"full":["https:\/\/electroredescasanare.com\/wp-content\/uploads\/2024\/01\/LAPTOP-STAND-2-EN-1_11221_RT007_1.webp",1000,1000,false],"thumbnail":["https:\/\/electroredescasanare.com\/wp-content\/uploads\/2024\/01\/LAPTOP-STAND-2-EN-1_11221_RT007_1-150x150.webp",150,150,true],"medium":["https:\/\/electroredescasanare.com\/wp-content\/uploads\/2024\/01\/LAPTOP-STAND-2-EN-1_11221_RT007_1-300x300.webp",300,300,true],"medium_large":["https:\/\/electroredescasanare.com\/wp-content\/uploads\/2024\/01\/LAPTOP-STAND-2-EN-1_11221_RT007_1-768x768.webp",720,720,true],"large":["https:\/\/electroredescasanare.com\/wp-content\/uploads\/2024\/01\/LAPTOP-STAND-2-EN-1_11221_RT007_1.webp",720,720,false],"1536x1536":["https:\/\/electroredescasanare.com\/wp-content\/uploads\/2024\/01\/LAPTOP-STAND-2-EN-1_11221_RT007_1.webp",1000,1000,false],"2048x2048":["https:\/\/electroredescasanare.com\/wp-content\/uploads\/2024\/01\/LAPTOP-STAND-2-EN-1_11221_RT007_1.webp",1000,1000,false],"post-thumbnail":["https:\/\/electroredescasanare.com\/wp-content\/uploads\/2024\/01\/LAPTOP-STAND-2-EN-1_11221_RT007_1.webp",380,380,false],"vantage-thumbnail-no-sidebar":["https:\/\/electroredescasanare.com\/wp-content\/uploads\/2024\/01\/LAPTOP-STAND-2-EN-1_11221_RT007_1.webp",380,380,false],"vantage-slide":["https:\/\/electroredescasanare.com\/wp-content\/uploads\/2024\/01\/LAPTOP-STAND-2-EN-1_11221_RT007_1.webp",480,480,false],"vantage-carousel":["https:\/\/electroredescasanare.com\/wp-content\/uploads\/2024\/01\/LAPTOP-STAND-2-EN-1_11221_RT007_1.webp",182,182,false],"vantage-grid-loop":["https:\/\/electroredescasanare.com\/wp-content\/uploads\/2024\/01\/LAPTOP-STAND-2-EN-1_11221_RT007_1.webp",272,272,false],"mailpoet_newsletter_max":["https:\/\/electroredescasanare.com\/wp-content\/uploads\/2024\/01\/LAPTOP-STAND-2-EN-1_11221_RT007_1.webp",1000,1000,false],"woocommerce_thumbnail":["https:\/\/electroredescasanare.com\/wp-content\/uploads\/2024\/01\/LAPTOP-STAND-2-EN-1_11221_RT007_1-300x300.webp",300,300,true],"woocommerce_single":["https:\/\/electroredescasanare.com\/wp-content\/uploads\/2024\/01\/LAPTOP-STAND-2-EN-1_11221_RT007_1-600x600.webp",600,600,true],"woocommerce_gallery_thumbnail":["https:\/\/electroredescasanare.com\/wp-content\/uploads\/2024\/01\/LAPTOP-STAND-2-EN-1_11221_RT007_1-100x100.webp",100,100,true]},"uagb_author_info":{"display_name":"jhonacost@gmail.com","author_link":"https:\/\/electroredescasanare.com\/index.php\/author\/"},"uagb_comment_info":0,"uagb_excerpt":"CARACTERISTICAS: \u2013 Material aleaci\u00f3n de aluminio y silicona \u2013 7 \u00c1ngulos de ajustes \u2013 Plegable \u2013 bolsa para guardar \u2013 Almohadillas antideslizantes","_links":{"self":[{"href":"https:\/\/electroredescasanare.com\/index.php\/wp-json\/wp\/v3\/product\/4286"}],"collection":[{"href":"https:\/\/electroredescasanare.com\/index.php\/wp-json\/wp\/v3\/product"}],"about":[{"href":"https:\/\/electroredescasanare.com\/index.php\/wp-json\/wp\/v2\/types\/product"}],"wp:featuredmedia":[{"embeddable":true,"href":"https:\/\/electroredescasanare.com\/index.php\/wp-json\/wp\/v2\/media\/4287"}],"wp:attachment":[{"href":"https:\/\/electroredescasanare.com\/index.php\/wp-json\/wp\/v2\/media?parent=4286"}],"wp:term":[{"taxonomy":"product_cat","embeddable":true,"href":"https:\/\/electroredescasanare.com\/index.php\/wp-json\/wp\/v2\/product_cat?post=4286"},{"taxonomy":"product_tag","embeddable":true,"href":"https:\/\/electroredescasanare.com\/index.php\/wp-json\/wp\/v2\/product_tag?post=4286"}],"curies":[{"name":"wp","href":"https:\/\/api.w.org\/{rel}","templated":true}]}}