{"id":4209,"date":"2024-01-19T11:55:48","date_gmt":"2024-01-19T16:55:48","guid":{"rendered":"https:\/\/electroredescasanare.com\/?post_type=product&#038;p=4209"},"modified":"2024-01-19T11:58:01","modified_gmt":"2024-01-19T16:58:01","slug":"cargador-dell-19-5v-3-34a-2","status":"publish","type":"product","link":"https:\/\/electroredescasanare.com\/index.php\/product\/cargador-dell-19-5v-3-34a-2\/","title":{"rendered":"CARGADOR DELL 19.5V 3.34A"},"content":{"rendered":"<p>Cargador gen\u00e9rico Calidad Premium, garantizan el rendimiento y durabilidad que requiere un cargador de alta calidad. fabricado con un fusible que protege al equipo de sobre voltaje y cortocircuito. Sin duda es la mejor elecci\u00f3n Precio \u2013 beneficio.<\/p>\n","protected":false},"excerpt":{"rendered":"<p>CARACTERISTICAS:<br \/>\n&#8211; Voltaje de entrada: 120V<br \/>\n&#8211; Voltaje de salida: 19.5V<br \/>\n&#8211; Amperaje: 3.34A<br \/>\n&#8211; Di\u00e1metro del conector: 7.4*5.0mm<br \/>\n&#8211; Cable de poder tr\u00e9bol de 1.5 mts<br \/>\n&#8211; dos dise\u00f1os disponibles<br \/>\n&#8211; Empaque en caja, y bolsa de tela<\/p>\n<p>&#8211; marcas disponibles: JYR, Jaltech.<\/p>\n<p><b>im\u00e1genes<\/b><strong>\u00a0de referencia.<\/strong><\/p>\n","protected":false},"featured_media":4211,"template":"","meta":{"_uag_custom_page_level_css":"","_joinchat":[]},"product_cat":[55,56,61],"product_tag":[],"uagb_featured_image_src":{"full":["https:\/\/electroredescasanare.com\/wp-content\/uploads\/2024\/01\/CARG.-ELITE-PARA-HP-P-AG.-18.5V-3.5A_80009_H-18_1.png",600,600,false],"thumbnail":["https:\/\/electroredescasanare.com\/wp-content\/uploads\/2024\/01\/CARG.-ELITE-PARA-HP-P-AG.-18.5V-3.5A_80009_H-18_1-150x150.png",150,150,true],"medium":["https:\/\/electroredescasanare.com\/wp-content\/uploads\/2024\/01\/CARG.-ELITE-PARA-HP-P-AG.-18.5V-3.5A_80009_H-18_1-300x300.png",300,300,true],"medium_large":["https:\/\/electroredescasanare.com\/wp-content\/uploads\/2024\/01\/CARG.-ELITE-PARA-HP-P-AG.-18.5V-3.5A_80009_H-18_1.png",600,600,false],"large":["https:\/\/electroredescasanare.com\/wp-content\/uploads\/2024\/01\/CARG.-ELITE-PARA-HP-P-AG.-18.5V-3.5A_80009_H-18_1.png",600,600,false],"1536x1536":["https:\/\/electroredescasanare.com\/wp-content\/uploads\/2024\/01\/CARG.-ELITE-PARA-HP-P-AG.-18.5V-3.5A_80009_H-18_1.png",600,600,false],"2048x2048":["https:\/\/electroredescasanare.com\/wp-content\/uploads\/2024\/01\/CARG.-ELITE-PARA-HP-P-AG.-18.5V-3.5A_80009_H-18_1.png",600,600,false],"post-thumbnail":["https:\/\/electroredescasanare.com\/wp-content\/uploads\/2024\/01\/CARG.-ELITE-PARA-HP-P-AG.-18.5V-3.5A_80009_H-18_1.png",380,380,false],"vantage-thumbnail-no-sidebar":["https:\/\/electroredescasanare.com\/wp-content\/uploads\/2024\/01\/CARG.-ELITE-PARA-HP-P-AG.-18.5V-3.5A_80009_H-18_1.png",380,380,false],"vantage-slide":["https:\/\/electroredescasanare.com\/wp-content\/uploads\/2024\/01\/CARG.-ELITE-PARA-HP-P-AG.-18.5V-3.5A_80009_H-18_1.png",480,480,false],"vantage-carousel":["https:\/\/electroredescasanare.com\/wp-content\/uploads\/2024\/01\/CARG.-ELITE-PARA-HP-P-AG.-18.5V-3.5A_80009_H-18_1.png",182,182,false],"vantage-grid-loop":["https:\/\/electroredescasanare.com\/wp-content\/uploads\/2024\/01\/CARG.-ELITE-PARA-HP-P-AG.-18.5V-3.5A_80009_H-18_1.png",272,272,false],"mailpoet_newsletter_max":["https:\/\/electroredescasanare.com\/wp-content\/uploads\/2024\/01\/CARG.-ELITE-PARA-HP-P-AG.-18.5V-3.5A_80009_H-18_1.png",600,600,false],"woocommerce_thumbnail":["https:\/\/electroredescasanare.com\/wp-content\/uploads\/2024\/01\/CARG.-ELITE-PARA-HP-P-AG.-18.5V-3.5A_80009_H-18_1-300x300.png",300,300,true],"woocommerce_single":["https:\/\/electroredescasanare.com\/wp-content\/uploads\/2024\/01\/CARG.-ELITE-PARA-HP-P-AG.-18.5V-3.5A_80009_H-18_1.png",600,600,false],"woocommerce_gallery_thumbnail":["https:\/\/electroredescasanare.com\/wp-content\/uploads\/2024\/01\/CARG.-ELITE-PARA-HP-P-AG.-18.5V-3.5A_80009_H-18_1-100x100.png",100,100,true]},"uagb_author_info":{"display_name":"jhonacost@gmail.com","author_link":"https:\/\/electroredescasanare.com\/index.php\/author\/"},"uagb_comment_info":0,"uagb_excerpt":"CARACTERISTICAS: - Voltaje de entrada: 120V - Voltaje de salida: 19.5V - Amperaje: 3.34A - Di\u00e1metro del conector: 7.4*5.0mm - Cable de poder tr\u00e9bol de 1.5 mts - dos dise\u00f1os disponibles - Empaque en caja, y bolsa de tela - marcas disponibles: JYR, Jaltech. im\u00e1genes\u00a0de referencia.","_links":{"self":[{"href":"https:\/\/electroredescasanare.com\/index.php\/wp-json\/wp\/v3\/product\/4209"}],"collection":[{"href":"https:\/\/electroredescasanare.com\/index.php\/wp-json\/wp\/v3\/product"}],"about":[{"href":"https:\/\/electroredescasanare.com\/index.php\/wp-json\/wp\/v2\/types\/product"}],"wp:featuredmedia":[{"embeddable":true,"href":"https:\/\/electroredescasanare.com\/index.php\/wp-json\/wp\/v2\/media\/4211"}],"wp:attachment":[{"href":"https:\/\/electroredescasanare.com\/index.php\/wp-json\/wp\/v2\/media?parent=4209"}],"wp:term":[{"taxonomy":"product_cat","embeddable":true,"href":"https:\/\/electroredescasanare.com\/index.php\/wp-json\/wp\/v2\/product_cat?post=4209"},{"taxonomy":"product_tag","embeddable":true,"href":"https:\/\/electroredescasanare.com\/index.php\/wp-json\/wp\/v2\/product_tag?post=4209"}],"curies":[{"name":"wp","href":"https:\/\/api.w.org\/{rel}","templated":true}]}}