{"id":4168,"date":"2024-01-18T11:24:33","date_gmt":"2024-01-18T16:24:33","guid":{"rendered":"https:\/\/electroredescasanare.com\/?post_type=product&#038;p=4168"},"modified":"2024-01-18T11:33:45","modified_gmt":"2024-01-18T16:33:45","slug":"memoria-usb-128gb-kingston","status":"publish","type":"product","link":"https:\/\/electroredescasanare.com\/index.php\/product\/memoria-usb-128gb-kingston\/","title":{"rendered":"MEMORIA USB 128GB KINGSTON"},"content":{"rendered":"<p>Las unidades USB permiten el almacenamiento de fotos, m\u00fasica, v\u00eddeo y mucho m\u00e1s, capacidades adaptadas a tus requerimientos para que puedas guardar gran cantidad de informaci\u00f3n, im\u00e1genes u otros tipos de archivos, con conectividad USB innovadora su tecnolog\u00eda 3.2, brinda una velocidad de lectura mayor que las memorias tradicionales.<\/p>\n","protected":false},"excerpt":{"rendered":"<p>CARACTERISTICAS:<br \/>\n&#8211; Capacidad: 128 GB<br \/>\n&#8211; Velocidad de transferencia: 200 MB\/s<br \/>\n&#8211; Material: Pl\u00e1stica<br \/>\n&#8211; Versi\u00f3n del puerto: 3.2 Gen\u00a0 1<br \/>\n&#8211; Compatible con: Windows, Mac Os, Linux.<\/p>\n","protected":false},"featured_media":4169,"template":"","meta":{"_uag_custom_page_level_css":"","_joinchat":[]},"product_cat":[94,100],"product_tag":[],"uagb_featured_image_src":{"full":["https:\/\/electroredescasanare.com\/wp-content\/uploads\/2024\/01\/375789-800-auto.webp",800,800,false],"thumbnail":["https:\/\/electroredescasanare.com\/wp-content\/uploads\/2024\/01\/375789-800-auto-150x150.webp",150,150,true],"medium":["https:\/\/electroredescasanare.com\/wp-content\/uploads\/2024\/01\/375789-800-auto-300x300.webp",300,300,true],"medium_large":["https:\/\/electroredescasanare.com\/wp-content\/uploads\/2024\/01\/375789-800-auto-768x768.webp",720,720,true],"large":["https:\/\/electroredescasanare.com\/wp-content\/uploads\/2024\/01\/375789-800-auto.webp",720,720,false],"1536x1536":["https:\/\/electroredescasanare.com\/wp-content\/uploads\/2024\/01\/375789-800-auto.webp",800,800,false],"2048x2048":["https:\/\/electroredescasanare.com\/wp-content\/uploads\/2024\/01\/375789-800-auto.webp",800,800,false],"post-thumbnail":["https:\/\/electroredescasanare.com\/wp-content\/uploads\/2024\/01\/375789-800-auto.webp",380,380,false],"vantage-thumbnail-no-sidebar":["https:\/\/electroredescasanare.com\/wp-content\/uploads\/2024\/01\/375789-800-auto.webp",380,380,false],"vantage-slide":["https:\/\/electroredescasanare.com\/wp-content\/uploads\/2024\/01\/375789-800-auto.webp",480,480,false],"vantage-carousel":["https:\/\/electroredescasanare.com\/wp-content\/uploads\/2024\/01\/375789-800-auto.webp",182,182,false],"vantage-grid-loop":["https:\/\/electroredescasanare.com\/wp-content\/uploads\/2024\/01\/375789-800-auto.webp",272,272,false],"mailpoet_newsletter_max":["https:\/\/electroredescasanare.com\/wp-content\/uploads\/2024\/01\/375789-800-auto.webp",800,800,false],"woocommerce_thumbnail":["https:\/\/electroredescasanare.com\/wp-content\/uploads\/2024\/01\/375789-800-auto-300x300.webp",300,300,true],"woocommerce_single":["https:\/\/electroredescasanare.com\/wp-content\/uploads\/2024\/01\/375789-800-auto-600x600.webp",600,600,true],"woocommerce_gallery_thumbnail":["https:\/\/electroredescasanare.com\/wp-content\/uploads\/2024\/01\/375789-800-auto-100x100.webp",100,100,true]},"uagb_author_info":{"display_name":"jhonacost@gmail.com","author_link":"https:\/\/electroredescasanare.com\/index.php\/author\/"},"uagb_comment_info":0,"uagb_excerpt":"CARACTERISTICAS: - Capacidad: 128 GB - Velocidad de transferencia: 200 MB\/s - Material: Pl\u00e1stica - Versi\u00f3n del puerto: 3.2 Gen\u00a0 1 - Compatible con: Windows, Mac Os, Linux.","_links":{"self":[{"href":"https:\/\/electroredescasanare.com\/index.php\/wp-json\/wp\/v3\/product\/4168"}],"collection":[{"href":"https:\/\/electroredescasanare.com\/index.php\/wp-json\/wp\/v3\/product"}],"about":[{"href":"https:\/\/electroredescasanare.com\/index.php\/wp-json\/wp\/v2\/types\/product"}],"wp:featuredmedia":[{"embeddable":true,"href":"https:\/\/electroredescasanare.com\/index.php\/wp-json\/wp\/v2\/media\/4169"}],"wp:attachment":[{"href":"https:\/\/electroredescasanare.com\/index.php\/wp-json\/wp\/v2\/media?parent=4168"}],"wp:term":[{"taxonomy":"product_cat","embeddable":true,"href":"https:\/\/electroredescasanare.com\/index.php\/wp-json\/wp\/v2\/product_cat?post=4168"},{"taxonomy":"product_tag","embeddable":true,"href":"https:\/\/electroredescasanare.com\/index.php\/wp-json\/wp\/v2\/product_tag?post=4168"}],"curies":[{"name":"wp","href":"https:\/\/api.w.org\/{rel}","templated":true}]}}