{"id":4130,"date":"2023-12-09T10:38:49","date_gmt":"2023-12-09T15:38:49","guid":{"rendered":"https:\/\/electroredescasanare.com\/?post_type=product&#038;p=4130"},"modified":"2023-12-09T10:42:24","modified_gmt":"2023-12-09T15:42:24","slug":"memoria-micro-sd-512gb-samsung-pro-plus","status":"publish","type":"product","link":"https:\/\/electroredescasanare.com\/index.php\/product\/memoria-micro-sd-512gb-samsung-pro-plus\/","title":{"rendered":"MEMORIA MICRO SD 512GB SAMSUNG PRO PLUS"},"content":{"rendered":"<p>Las tarjetas de memoria Samsung te permitir\u00e1n tomar todas las fotos y guardar la informaci\u00f3n que quieras, \u00a1ya no tendr\u00e1s que preocuparte por problemas de espacio!, Esta tarjeta MicroSDXC posee un almacenamiento confiable y de gran rendimiento. Ideal para filmar videos de alta resoluci\u00f3n y tomar fotograf\u00edas con alto nivel de detalle. Ahorra tiempo gracias a su velocidad clase 10, que posibilita la transferencia de datos de forma r\u00e1pida y efectiva.<\/p>\n","protected":false},"excerpt":{"rendered":"<p>CARACTERISTICAS:<br \/>\n&#8211; Capacidad: 512 GB<br \/>\n&#8211; Formato de la tarjeta: MicroSDXC<br \/>\n&#8211; Resoluci\u00f3n m\u00e1xima de v\u00eddeo:\u00a0Full HD<br \/>\n&#8211; Velocidad de lectura: 160 MB\/s<br \/>\n&#8211; Velocidad de escritura: 120MB\/s<br \/>\n&#8211; interfaz UHS-I<br \/>\n-Clase: 10<\/p>\n","protected":false},"featured_media":4131,"template":"","meta":{"_uag_custom_page_level_css":"","_joinchat":[]},"product_cat":[94,96],"product_tag":[],"uagb_featured_image_src":{"full":["https:\/\/electroredescasanare.com\/wp-content\/uploads\/2023\/12\/124302045_1.jpg",800,800,false],"thumbnail":["https:\/\/electroredescasanare.com\/wp-content\/uploads\/2023\/12\/124302045_1-150x150.jpg",150,150,true],"medium":["https:\/\/electroredescasanare.com\/wp-content\/uploads\/2023\/12\/124302045_1-300x300.jpg",300,300,true],"medium_large":["https:\/\/electroredescasanare.com\/wp-content\/uploads\/2023\/12\/124302045_1-768x768.jpg",720,720,true],"large":["https:\/\/electroredescasanare.com\/wp-content\/uploads\/2023\/12\/124302045_1.jpg",720,720,false],"1536x1536":["https:\/\/electroredescasanare.com\/wp-content\/uploads\/2023\/12\/124302045_1.jpg",800,800,false],"2048x2048":["https:\/\/electroredescasanare.com\/wp-content\/uploads\/2023\/12\/124302045_1.jpg",800,800,false],"post-thumbnail":["https:\/\/electroredescasanare.com\/wp-content\/uploads\/2023\/12\/124302045_1.jpg",380,380,false],"vantage-thumbnail-no-sidebar":["https:\/\/electroredescasanare.com\/wp-content\/uploads\/2023\/12\/124302045_1.jpg",380,380,false],"vantage-slide":["https:\/\/electroredescasanare.com\/wp-content\/uploads\/2023\/12\/124302045_1.jpg",480,480,false],"vantage-carousel":["https:\/\/electroredescasanare.com\/wp-content\/uploads\/2023\/12\/124302045_1.jpg",182,182,false],"vantage-grid-loop":["https:\/\/electroredescasanare.com\/wp-content\/uploads\/2023\/12\/124302045_1.jpg",272,272,false],"mailpoet_newsletter_max":["https:\/\/electroredescasanare.com\/wp-content\/uploads\/2023\/12\/124302045_1.jpg",800,800,false],"woocommerce_thumbnail":["https:\/\/electroredescasanare.com\/wp-content\/uploads\/2023\/12\/124302045_1-300x300.jpg",300,300,true],"woocommerce_single":["https:\/\/electroredescasanare.com\/wp-content\/uploads\/2023\/12\/124302045_1-600x600.jpg",600,600,true],"woocommerce_gallery_thumbnail":["https:\/\/electroredescasanare.com\/wp-content\/uploads\/2023\/12\/124302045_1-100x100.jpg",100,100,true]},"uagb_author_info":{"display_name":"jhonacost@gmail.com","author_link":"https:\/\/electroredescasanare.com\/index.php\/author\/"},"uagb_comment_info":0,"uagb_excerpt":"CARACTERISTICAS: - Capacidad: 512 GB - Formato de la tarjeta: MicroSDXC - Resoluci\u00f3n m\u00e1xima de v\u00eddeo:\u00a0Full HD - Velocidad de lectura: 160 MB\/s - Velocidad de escritura: 120MB\/s - interfaz UHS-I -Clase: 10","_links":{"self":[{"href":"https:\/\/electroredescasanare.com\/index.php\/wp-json\/wp\/v3\/product\/4130"}],"collection":[{"href":"https:\/\/electroredescasanare.com\/index.php\/wp-json\/wp\/v3\/product"}],"about":[{"href":"https:\/\/electroredescasanare.com\/index.php\/wp-json\/wp\/v2\/types\/product"}],"wp:featuredmedia":[{"embeddable":true,"href":"https:\/\/electroredescasanare.com\/index.php\/wp-json\/wp\/v2\/media\/4131"}],"wp:attachment":[{"href":"https:\/\/electroredescasanare.com\/index.php\/wp-json\/wp\/v2\/media?parent=4130"}],"wp:term":[{"taxonomy":"product_cat","embeddable":true,"href":"https:\/\/electroredescasanare.com\/index.php\/wp-json\/wp\/v2\/product_cat?post=4130"},{"taxonomy":"product_tag","embeddable":true,"href":"https:\/\/electroredescasanare.com\/index.php\/wp-json\/wp\/v2\/product_tag?post=4130"}],"curies":[{"name":"wp","href":"https:\/\/api.w.org\/{rel}","templated":true}]}}