{"id":4120,"date":"2023-12-09T10:15:21","date_gmt":"2023-12-09T15:15:21","guid":{"rendered":"https:\/\/electroredescasanare.com\/?post_type=product&#038;p=4120"},"modified":"2023-12-09T10:23:12","modified_gmt":"2023-12-09T15:23:12","slug":"memoria-micro-sd-extrem-pro-128gb-sandisk","status":"publish","type":"product","link":"https:\/\/electroredescasanare.com\/index.php\/product\/memoria-micro-sd-extrem-pro-128gb-sandisk\/","title":{"rendered":"MEMORIA MICRO SD EXTREM PRO 128GB SANDISK"},"content":{"rendered":"<p>Dise\u00f1ada para dispositivos SD que pueden capturar video Full HD, 3D y 4K, as\u00ed como fotograf\u00eda en bruto y en r\u00e1faga, la <b>tarjeta de memoria Extreme PRO UHS-I <\/b>es compatible con el bus UHS-I y cuenta con una clasificaci\u00f3n de clase de velocidad de V30, que garantiza velocidades de escritura m\u00ednimas de 30 MB \/ s. Si su dispositivo no es compatible con el est\u00e1ndar V30, esta tarjeta tambi\u00e9n es compatible con el est\u00e1ndar U3, que tambi\u00e9n garantiza velocidades de escritura m\u00ednimas de 30 MB \/ s. Se admiten velocidades de lectura de hasta 200 MB\/s y velocidades de escritura m\u00e1ximas de 90 MB\/s. Un interruptor de protecci\u00f3n contra escritura incorporado ayuda a proteger contra el borrado accidental de los datos de la tarjeta.<\/p>\n","protected":false},"excerpt":{"rendered":"<p>CARACTERISTICAS:<br \/>\n&#8211; Capacidad: 128 GB<br \/>\n&#8211; Formato de la tarjeta:\u00a0MicroSDHC<br \/>\n&#8211; Resoluci\u00f3n m\u00e1xima de v\u00eddeo:\u00a0Full HD<br \/>\n&#8211; Velocidades de lectura: 100 MB\/s, 200 MB\/s<\/p>\n<p>&#8211; interfaz UHS-I<br \/>\n-Clase: 10<\/p>\n","protected":false},"featured_media":4123,"template":"","meta":{"_uag_custom_page_level_css":"","_joinchat":[]},"product_cat":[94,96],"product_tag":[],"uagb_featured_image_src":{"full":["https:\/\/electroredescasanare.com\/wp-content\/uploads\/2023\/12\/ns_image-1.png",600,600,false],"thumbnail":["https:\/\/electroredescasanare.com\/wp-content\/uploads\/2023\/12\/ns_image-1-150x150.png",150,150,true],"medium":["https:\/\/electroredescasanare.com\/wp-content\/uploads\/2023\/12\/ns_image-1-300x300.png",300,300,true],"medium_large":["https:\/\/electroredescasanare.com\/wp-content\/uploads\/2023\/12\/ns_image-1.png",600,600,false],"large":["https:\/\/electroredescasanare.com\/wp-content\/uploads\/2023\/12\/ns_image-1.png",600,600,false],"1536x1536":["https:\/\/electroredescasanare.com\/wp-content\/uploads\/2023\/12\/ns_image-1.png",600,600,false],"2048x2048":["https:\/\/electroredescasanare.com\/wp-content\/uploads\/2023\/12\/ns_image-1.png",600,600,false],"post-thumbnail":["https:\/\/electroredescasanare.com\/wp-content\/uploads\/2023\/12\/ns_image-1.png",380,380,false],"vantage-thumbnail-no-sidebar":["https:\/\/electroredescasanare.com\/wp-content\/uploads\/2023\/12\/ns_image-1.png",380,380,false],"vantage-slide":["https:\/\/electroredescasanare.com\/wp-content\/uploads\/2023\/12\/ns_image-1.png",480,480,false],"vantage-carousel":["https:\/\/electroredescasanare.com\/wp-content\/uploads\/2023\/12\/ns_image-1.png",182,182,false],"vantage-grid-loop":["https:\/\/electroredescasanare.com\/wp-content\/uploads\/2023\/12\/ns_image-1.png",272,272,false],"mailpoet_newsletter_max":["https:\/\/electroredescasanare.com\/wp-content\/uploads\/2023\/12\/ns_image-1.png",600,600,false],"woocommerce_thumbnail":["https:\/\/electroredescasanare.com\/wp-content\/uploads\/2023\/12\/ns_image-1-300x300.png",300,300,true],"woocommerce_single":["https:\/\/electroredescasanare.com\/wp-content\/uploads\/2023\/12\/ns_image-1.png",600,600,false],"woocommerce_gallery_thumbnail":["https:\/\/electroredescasanare.com\/wp-content\/uploads\/2023\/12\/ns_image-1-100x100.png",100,100,true]},"uagb_author_info":{"display_name":"jhonacost@gmail.com","author_link":"https:\/\/electroredescasanare.com\/index.php\/author\/"},"uagb_comment_info":0,"uagb_excerpt":"CARACTERISTICAS: - Capacidad: 128 GB - Formato de la tarjeta:\u00a0MicroSDHC - Resoluci\u00f3n m\u00e1xima de v\u00eddeo:\u00a0Full HD - Velocidades de lectura: 100 MB\/s, 200 MB\/s - interfaz UHS-I -Clase: 10","_links":{"self":[{"href":"https:\/\/electroredescasanare.com\/index.php\/wp-json\/wp\/v3\/product\/4120"}],"collection":[{"href":"https:\/\/electroredescasanare.com\/index.php\/wp-json\/wp\/v3\/product"}],"about":[{"href":"https:\/\/electroredescasanare.com\/index.php\/wp-json\/wp\/v2\/types\/product"}],"wp:featuredmedia":[{"embeddable":true,"href":"https:\/\/electroredescasanare.com\/index.php\/wp-json\/wp\/v2\/media\/4123"}],"wp:attachment":[{"href":"https:\/\/electroredescasanare.com\/index.php\/wp-json\/wp\/v2\/media?parent=4120"}],"wp:term":[{"taxonomy":"product_cat","embeddable":true,"href":"https:\/\/electroredescasanare.com\/index.php\/wp-json\/wp\/v2\/product_cat?post=4120"},{"taxonomy":"product_tag","embeddable":true,"href":"https:\/\/electroredescasanare.com\/index.php\/wp-json\/wp\/v2\/product_tag?post=4120"}],"curies":[{"name":"wp","href":"https:\/\/api.w.org\/{rel}","templated":true}]}}