{"id":4109,"date":"2023-12-09T09:20:35","date_gmt":"2023-12-09T14:20:35","guid":{"rendered":"https:\/\/electroredescasanare.com\/?post_type=product&#038;p=4109"},"modified":"2023-12-09T09:21:20","modified_gmt":"2023-12-09T14:21:20","slug":"memoria-micro-sd-128gb-kingston-170-mb-s","status":"publish","type":"product","link":"https:\/\/electroredescasanare.com\/index.php\/product\/memoria-micro-sd-128gb-kingston-170-mb-s\/","title":{"rendered":"MEMORIA MICRO SD 128GB KINGSTON 170 MB\/s"},"content":{"rendered":"<p>Las microSD de Kingston han sido dise\u00f1adas para los aventureros siempre a la b\u00fasqueda de los momentos perfectos para plasmar. Con sus elevadas velocidades de transferencia de 100 MB\/s, 170 MB\/s,\u00a0 y 200 MB\/s, permiten agilizar los flujos de trabajo y mejorar la eficiencia para que tenga m\u00e1s tiempo para sacar a pasear su creatividad a la pr\u00f3xima aventura, podr\u00e1 filmar impresionantes videos 4K Ultra-HD sin preocuparse por velocidades lentas y corte de cuadros, as\u00ed como tomar fotograf\u00edas de acci\u00f3n en secuencias perfectas.<\/p>\n","protected":false},"excerpt":{"rendered":"<p>CARACTERISTICAS:<br \/>\n&#8211; Capacidad: 128 GB<br \/>\n&#8211; Resoluci\u00f3n m\u00e1xima de v\u00eddeo:\u00a0Full HD<br \/>\n&#8211; Velocidad de lectura:\u00a0<span style=\"font-size: 16px; font-style: normal; font-weight: 400;\">170 mb\/s<\/span><br \/>\n-Clase: 10<br \/>\n\u2022 Color: negro<br \/>\n\u2022 Con adaptador<\/p>\n","protected":false},"featured_media":4110,"template":"","meta":{"_uag_custom_page_level_css":"","_joinchat":[]},"product_cat":[94,96],"product_tag":[],"uagb_featured_image_src":{"full":["https:\/\/electroredescasanare.com\/wp-content\/uploads\/2023\/12\/D_NQ_NP_690676-MCO49610751722_042022-O.webp",440,500,false],"thumbnail":["https:\/\/electroredescasanare.com\/wp-content\/uploads\/2023\/12\/D_NQ_NP_690676-MCO49610751722_042022-O-150x150.webp",150,150,true],"medium":["https:\/\/electroredescasanare.com\/wp-content\/uploads\/2023\/12\/D_NQ_NP_690676-MCO49610751722_042022-O-264x300.webp",264,300,true],"medium_large":["https:\/\/electroredescasanare.com\/wp-content\/uploads\/2023\/12\/D_NQ_NP_690676-MCO49610751722_042022-O.webp",440,500,false],"large":["https:\/\/electroredescasanare.com\/wp-content\/uploads\/2023\/12\/D_NQ_NP_690676-MCO49610751722_042022-O.webp",440,500,false],"1536x1536":["https:\/\/electroredescasanare.com\/wp-content\/uploads\/2023\/12\/D_NQ_NP_690676-MCO49610751722_042022-O.webp",440,500,false],"2048x2048":["https:\/\/electroredescasanare.com\/wp-content\/uploads\/2023\/12\/D_NQ_NP_690676-MCO49610751722_042022-O.webp",440,500,false],"post-thumbnail":["https:\/\/electroredescasanare.com\/wp-content\/uploads\/2023\/12\/D_NQ_NP_690676-MCO49610751722_042022-O.webp",334,380,false],"vantage-thumbnail-no-sidebar":["https:\/\/electroredescasanare.com\/wp-content\/uploads\/2023\/12\/D_NQ_NP_690676-MCO49610751722_042022-O.webp",334,380,false],"vantage-slide":["https:\/\/electroredescasanare.com\/wp-content\/uploads\/2023\/12\/D_NQ_NP_690676-MCO49610751722_042022-O.webp",422,480,false],"vantage-carousel":["https:\/\/electroredescasanare.com\/wp-content\/uploads\/2023\/12\/D_NQ_NP_690676-MCO49610751722_042022-O.webp",160,182,false],"vantage-grid-loop":["https:\/\/electroredescasanare.com\/wp-content\/uploads\/2023\/12\/D_NQ_NP_690676-MCO49610751722_042022-O.webp",239,272,false],"mailpoet_newsletter_max":["https:\/\/electroredescasanare.com\/wp-content\/uploads\/2023\/12\/D_NQ_NP_690676-MCO49610751722_042022-O.webp",440,500,false],"woocommerce_thumbnail":["https:\/\/electroredescasanare.com\/wp-content\/uploads\/2023\/12\/D_NQ_NP_690676-MCO49610751722_042022-O-300x300.webp",300,300,true],"woocommerce_single":["https:\/\/electroredescasanare.com\/wp-content\/uploads\/2023\/12\/D_NQ_NP_690676-MCO49610751722_042022-O.webp",440,500,false],"woocommerce_gallery_thumbnail":["https:\/\/electroredescasanare.com\/wp-content\/uploads\/2023\/12\/D_NQ_NP_690676-MCO49610751722_042022-O-100x100.webp",100,100,true]},"uagb_author_info":{"display_name":"jhonacost@gmail.com","author_link":"https:\/\/electroredescasanare.com\/index.php\/author\/"},"uagb_comment_info":0,"uagb_excerpt":"CARACTERISTICAS: - Capacidad: 128 GB - Resoluci\u00f3n m\u00e1xima de v\u00eddeo:\u00a0Full HD - Velocidad de lectura:\u00a0170 mb\/s -Clase: 10 \u2022 Color: negro \u2022 Con adaptador","_links":{"self":[{"href":"https:\/\/electroredescasanare.com\/index.php\/wp-json\/wp\/v3\/product\/4109"}],"collection":[{"href":"https:\/\/electroredescasanare.com\/index.php\/wp-json\/wp\/v3\/product"}],"about":[{"href":"https:\/\/electroredescasanare.com\/index.php\/wp-json\/wp\/v2\/types\/product"}],"wp:featuredmedia":[{"embeddable":true,"href":"https:\/\/electroredescasanare.com\/index.php\/wp-json\/wp\/v2\/media\/4110"}],"wp:attachment":[{"href":"https:\/\/electroredescasanare.com\/index.php\/wp-json\/wp\/v2\/media?parent=4109"}],"wp:term":[{"taxonomy":"product_cat","embeddable":true,"href":"https:\/\/electroredescasanare.com\/index.php\/wp-json\/wp\/v2\/product_cat?post=4109"},{"taxonomy":"product_tag","embeddable":true,"href":"https:\/\/electroredescasanare.com\/index.php\/wp-json\/wp\/v2\/product_tag?post=4109"}],"curies":[{"name":"wp","href":"https:\/\/api.w.org\/{rel}","templated":true}]}}