{"id":4089,"date":"2023-11-17T15:23:29","date_gmt":"2023-11-17T20:23:29","guid":{"rendered":"https:\/\/electroredescasanare.com\/?post_type=product&#038;p=4089"},"modified":"2023-12-07T11:39:29","modified_gmt":"2023-12-07T16:39:29","slug":"memoria-micro-sd-16gb-sandisk","status":"publish","type":"product","link":"https:\/\/electroredescasanare.com\/index.php\/product\/memoria-micro-sd-16gb-sandisk\/","title":{"rendered":"MEMORIA MICRO SD 16GB SANDISK"},"content":{"rendered":"<p>Optimiza tu espacio y gana tiempo, esta tarjeta Micro SDHC es ideal para m\u00f3viles. Su tama\u00f1o peque\u00f1o facilita su uso y ofrece gran comodidad y practicidad, m\u00e1ximo rendimiento, ahorra tiempo gracias a su velocidad clase 10, que posibilita la transferencia de datos de forma r\u00e1pida y efectiva. Guarda tus videos con la m\u00e1xima resoluci\u00f3n, gracias a su tecnolog\u00eda avanzada, podr\u00e1s registrar videos en Full HD. Disfruta de cada momento de filmaci\u00f3n, sin preocuparte por su calidad de almacenaje.<\/p>\n","protected":false},"excerpt":{"rendered":"<p>CARACTERISTICAS:<br \/>\n&#8211; Capacidad:\u00a016 GB<br \/>\n&#8211; Formato de la tarjeta:\u00a0MicroSDHC<br \/>\n&#8211; Resoluci\u00f3n m\u00e1xima de v\u00eddeo:\u00a0Full HD<br \/>\n&#8211; Velocidad de lectura:\u00a080 MB\/s &#8211; interfaz UHS-I<br \/>\n-Clase: 10<\/p>\n","protected":false},"featured_media":4092,"template":"","meta":{"_uag_custom_page_level_css":"","_joinchat":[]},"product_cat":[94,96],"product_tag":[],"uagb_featured_image_src":{"full":["https:\/\/electroredescasanare.com\/wp-content\/uploads\/2023\/11\/Memoria_Micro_SD_16_GB_Clase_10_SanDisk_compatible_con_Raspberry_PI3_B_-_Raspberry_PI_3_B_Ferretronica_20d58143-dd55-40b7-9727-b03055c06cdd_480x480.webp",480,480,false],"thumbnail":["https:\/\/electroredescasanare.com\/wp-content\/uploads\/2023\/11\/Memoria_Micro_SD_16_GB_Clase_10_SanDisk_compatible_con_Raspberry_PI3_B_-_Raspberry_PI_3_B_Ferretronica_20d58143-dd55-40b7-9727-b03055c06cdd_480x480-150x150.webp",150,150,true],"medium":["https:\/\/electroredescasanare.com\/wp-content\/uploads\/2023\/11\/Memoria_Micro_SD_16_GB_Clase_10_SanDisk_compatible_con_Raspberry_PI3_B_-_Raspberry_PI_3_B_Ferretronica_20d58143-dd55-40b7-9727-b03055c06cdd_480x480-300x300.webp",300,300,true],"medium_large":["https:\/\/electroredescasanare.com\/wp-content\/uploads\/2023\/11\/Memoria_Micro_SD_16_GB_Clase_10_SanDisk_compatible_con_Raspberry_PI3_B_-_Raspberry_PI_3_B_Ferretronica_20d58143-dd55-40b7-9727-b03055c06cdd_480x480.webp",480,480,false],"large":["https:\/\/electroredescasanare.com\/wp-content\/uploads\/2023\/11\/Memoria_Micro_SD_16_GB_Clase_10_SanDisk_compatible_con_Raspberry_PI3_B_-_Raspberry_PI_3_B_Ferretronica_20d58143-dd55-40b7-9727-b03055c06cdd_480x480.webp",480,480,false],"1536x1536":["https:\/\/electroredescasanare.com\/wp-content\/uploads\/2023\/11\/Memoria_Micro_SD_16_GB_Clase_10_SanDisk_compatible_con_Raspberry_PI3_B_-_Raspberry_PI_3_B_Ferretronica_20d58143-dd55-40b7-9727-b03055c06cdd_480x480.webp",480,480,false],"2048x2048":["https:\/\/electroredescasanare.com\/wp-content\/uploads\/2023\/11\/Memoria_Micro_SD_16_GB_Clase_10_SanDisk_compatible_con_Raspberry_PI3_B_-_Raspberry_PI_3_B_Ferretronica_20d58143-dd55-40b7-9727-b03055c06cdd_480x480.webp",480,480,false],"post-thumbnail":["https:\/\/electroredescasanare.com\/wp-content\/uploads\/2023\/11\/Memoria_Micro_SD_16_GB_Clase_10_SanDisk_compatible_con_Raspberry_PI3_B_-_Raspberry_PI_3_B_Ferretronica_20d58143-dd55-40b7-9727-b03055c06cdd_480x480.webp",380,380,false],"vantage-thumbnail-no-sidebar":["https:\/\/electroredescasanare.com\/wp-content\/uploads\/2023\/11\/Memoria_Micro_SD_16_GB_Clase_10_SanDisk_compatible_con_Raspberry_PI3_B_-_Raspberry_PI_3_B_Ferretronica_20d58143-dd55-40b7-9727-b03055c06cdd_480x480.webp",380,380,false],"vantage-slide":["https:\/\/electroredescasanare.com\/wp-content\/uploads\/2023\/11\/Memoria_Micro_SD_16_GB_Clase_10_SanDisk_compatible_con_Raspberry_PI3_B_-_Raspberry_PI_3_B_Ferretronica_20d58143-dd55-40b7-9727-b03055c06cdd_480x480.webp",480,480,false],"vantage-carousel":["https:\/\/electroredescasanare.com\/wp-content\/uploads\/2023\/11\/Memoria_Micro_SD_16_GB_Clase_10_SanDisk_compatible_con_Raspberry_PI3_B_-_Raspberry_PI_3_B_Ferretronica_20d58143-dd55-40b7-9727-b03055c06cdd_480x480.webp",182,182,false],"vantage-grid-loop":["https:\/\/electroredescasanare.com\/wp-content\/uploads\/2023\/11\/Memoria_Micro_SD_16_GB_Clase_10_SanDisk_compatible_con_Raspberry_PI3_B_-_Raspberry_PI_3_B_Ferretronica_20d58143-dd55-40b7-9727-b03055c06cdd_480x480.webp",272,272,false],"mailpoet_newsletter_max":["https:\/\/electroredescasanare.com\/wp-content\/uploads\/2023\/11\/Memoria_Micro_SD_16_GB_Clase_10_SanDisk_compatible_con_Raspberry_PI3_B_-_Raspberry_PI_3_B_Ferretronica_20d58143-dd55-40b7-9727-b03055c06cdd_480x480.webp",480,480,false],"woocommerce_thumbnail":["https:\/\/electroredescasanare.com\/wp-content\/uploads\/2023\/11\/Memoria_Micro_SD_16_GB_Clase_10_SanDisk_compatible_con_Raspberry_PI3_B_-_Raspberry_PI_3_B_Ferretronica_20d58143-dd55-40b7-9727-b03055c06cdd_480x480-300x300.webp",300,300,true],"woocommerce_single":["https:\/\/electroredescasanare.com\/wp-content\/uploads\/2023\/11\/Memoria_Micro_SD_16_GB_Clase_10_SanDisk_compatible_con_Raspberry_PI3_B_-_Raspberry_PI_3_B_Ferretronica_20d58143-dd55-40b7-9727-b03055c06cdd_480x480.webp",480,480,false],"woocommerce_gallery_thumbnail":["https:\/\/electroredescasanare.com\/wp-content\/uploads\/2023\/11\/Memoria_Micro_SD_16_GB_Clase_10_SanDisk_compatible_con_Raspberry_PI3_B_-_Raspberry_PI_3_B_Ferretronica_20d58143-dd55-40b7-9727-b03055c06cdd_480x480-100x100.webp",100,100,true]},"uagb_author_info":{"display_name":"jhonacost@gmail.com","author_link":"https:\/\/electroredescasanare.com\/index.php\/author\/"},"uagb_comment_info":0,"uagb_excerpt":"CARACTERISTICAS: - Capacidad:\u00a016 GB - Formato de la tarjeta:\u00a0MicroSDHC - Resoluci\u00f3n m\u00e1xima de v\u00eddeo:\u00a0Full HD - Velocidad de lectura:\u00a080 MB\/s - interfaz UHS-I -Clase: 10","_links":{"self":[{"href":"https:\/\/electroredescasanare.com\/index.php\/wp-json\/wp\/v3\/product\/4089"}],"collection":[{"href":"https:\/\/electroredescasanare.com\/index.php\/wp-json\/wp\/v3\/product"}],"about":[{"href":"https:\/\/electroredescasanare.com\/index.php\/wp-json\/wp\/v2\/types\/product"}],"wp:featuredmedia":[{"embeddable":true,"href":"https:\/\/electroredescasanare.com\/index.php\/wp-json\/wp\/v2\/media\/4092"}],"wp:attachment":[{"href":"https:\/\/electroredescasanare.com\/index.php\/wp-json\/wp\/v2\/media?parent=4089"}],"wp:term":[{"taxonomy":"product_cat","embeddable":true,"href":"https:\/\/electroredescasanare.com\/index.php\/wp-json\/wp\/v2\/product_cat?post=4089"},{"taxonomy":"product_tag","embeddable":true,"href":"https:\/\/electroredescasanare.com\/index.php\/wp-json\/wp\/v2\/product_tag?post=4089"}],"curies":[{"name":"wp","href":"https:\/\/api.w.org\/{rel}","templated":true}]}}