{"id":4081,"date":"2023-11-16T15:23:20","date_gmt":"2023-11-16T20:23:20","guid":{"rendered":"https:\/\/electroredescasanare.com\/?post_type=product&#038;p=4081"},"modified":"2023-11-16T17:12:24","modified_gmt":"2023-11-16T22:12:24","slug":"caddy-9-5-pulgadas","status":"publish","type":"product","link":"https:\/\/electroredescasanare.com\/index.php\/product\/caddy-9-5-pulgadas\/","title":{"rendered":"CADDY 9.5 MM"},"content":{"rendered":"<p>Caddy Universal de 9,5 m.m. para segundo HDD o SSD con conexi\u00f3n SATA. Este adaptador de disco duro Serial SATA permite a\u00f1adir un segundo disco duro a los sistemas port\u00e1tiles, simplemente retire su unidad de CD\/DVD-ROM y coloque el Caddy (con el disco duro adicional) en su lugar.<\/p>\n","protected":false},"excerpt":{"rendered":"<p>CARACTERISTICAS:<br \/>\n&#8211; Altura 9.5mm<br \/>\n\u2013 No usa cables<br \/>\n\u2013 Arranque boot dual<br \/>\n\u2013 Compatible unidades \u00f3pticas 129mm*128mm*9.5mm<\/p>\n","protected":false},"featured_media":4083,"template":"","meta":{"_uag_custom_page_level_css":"","_joinchat":[]},"product_cat":[94,95],"product_tag":[],"uagb_featured_image_src":{"full":["https:\/\/electroredescasanare.com\/wp-content\/uploads\/2023\/11\/image-removebg-preview.png",500,500,false],"thumbnail":["https:\/\/electroredescasanare.com\/wp-content\/uploads\/2023\/11\/image-removebg-preview-150x150.png",150,150,true],"medium":["https:\/\/electroredescasanare.com\/wp-content\/uploads\/2023\/11\/image-removebg-preview-300x300.png",300,300,true],"medium_large":["https:\/\/electroredescasanare.com\/wp-content\/uploads\/2023\/11\/image-removebg-preview.png",500,500,false],"large":["https:\/\/electroredescasanare.com\/wp-content\/uploads\/2023\/11\/image-removebg-preview.png",500,500,false],"1536x1536":["https:\/\/electroredescasanare.com\/wp-content\/uploads\/2023\/11\/image-removebg-preview.png",500,500,false],"2048x2048":["https:\/\/electroredescasanare.com\/wp-content\/uploads\/2023\/11\/image-removebg-preview.png",500,500,false],"post-thumbnail":["https:\/\/electroredescasanare.com\/wp-content\/uploads\/2023\/11\/image-removebg-preview.png",380,380,false],"vantage-thumbnail-no-sidebar":["https:\/\/electroredescasanare.com\/wp-content\/uploads\/2023\/11\/image-removebg-preview.png",380,380,false],"vantage-slide":["https:\/\/electroredescasanare.com\/wp-content\/uploads\/2023\/11\/image-removebg-preview.png",480,480,false],"vantage-carousel":["https:\/\/electroredescasanare.com\/wp-content\/uploads\/2023\/11\/image-removebg-preview.png",182,182,false],"vantage-grid-loop":["https:\/\/electroredescasanare.com\/wp-content\/uploads\/2023\/11\/image-removebg-preview.png",272,272,false],"mailpoet_newsletter_max":["https:\/\/electroredescasanare.com\/wp-content\/uploads\/2023\/11\/image-removebg-preview.png",500,500,false],"woocommerce_thumbnail":["https:\/\/electroredescasanare.com\/wp-content\/uploads\/2023\/11\/image-removebg-preview-300x300.png",300,300,true],"woocommerce_single":["https:\/\/electroredescasanare.com\/wp-content\/uploads\/2023\/11\/image-removebg-preview.png",500,500,false],"woocommerce_gallery_thumbnail":["https:\/\/electroredescasanare.com\/wp-content\/uploads\/2023\/11\/image-removebg-preview-100x100.png",100,100,true]},"uagb_author_info":{"display_name":"jhonacost@gmail.com","author_link":"https:\/\/electroredescasanare.com\/index.php\/author\/"},"uagb_comment_info":0,"uagb_excerpt":"CARACTERISTICAS: - Altura 9.5mm \u2013 No usa cables \u2013 Arranque boot dual \u2013 Compatible unidades \u00f3pticas 129mm*128mm*9.5mm","_links":{"self":[{"href":"https:\/\/electroredescasanare.com\/index.php\/wp-json\/wp\/v3\/product\/4081"}],"collection":[{"href":"https:\/\/electroredescasanare.com\/index.php\/wp-json\/wp\/v3\/product"}],"about":[{"href":"https:\/\/electroredescasanare.com\/index.php\/wp-json\/wp\/v2\/types\/product"}],"wp:featuredmedia":[{"embeddable":true,"href":"https:\/\/electroredescasanare.com\/index.php\/wp-json\/wp\/v2\/media\/4083"}],"wp:attachment":[{"href":"https:\/\/electroredescasanare.com\/index.php\/wp-json\/wp\/v2\/media?parent=4081"}],"wp:term":[{"taxonomy":"product_cat","embeddable":true,"href":"https:\/\/electroredescasanare.com\/index.php\/wp-json\/wp\/v2\/product_cat?post=4081"},{"taxonomy":"product_tag","embeddable":true,"href":"https:\/\/electroredescasanare.com\/index.php\/wp-json\/wp\/v2\/product_tag?post=4081"}],"curies":[{"name":"wp","href":"https:\/\/api.w.org\/{rel}","templated":true}]}}