{"id":3995,"date":"2023-11-01T11:15:40","date_gmt":"2023-11-01T16:15:40","guid":{"rendered":"https:\/\/electroredescasanare.com\/?post_type=product&#038;p=3995"},"modified":"2023-11-01T11:19:50","modified_gmt":"2023-11-01T16:19:50","slug":"disco-duro-solido-externo-960gb-adata","status":"publish","type":"product","link":"https:\/\/electroredescasanare.com\/index.php\/product\/disco-duro-solido-externo-960gb-adata\/","title":{"rendered":"DISCO DURO SOLIDO EXTERNO 960GB ADATA"},"content":{"rendered":"<p><span data-pb-style=\"62B41A8A13579\">\u00a0A diferencia de un disco duro interno, que est\u00e1 ubicado dentro de la computadora, un disco duro solido externo es un dispositivo que puedes conectar en un puerto y que tiene m\u00e1s espacio de almacenamiento donde guardar tu informaci\u00f3n. <\/span><span data-pb-style=\"62B41A8A1357E\">Cuando almacenas datos en un disco duro solido externo,\u00a0 la transferencia de datos es mucho mas rapida y la \u00fanica manera de acceder a ellos es conectando el dispositivo en la computadora. Tambi\u00e9n puedes utilizarlo para guardar archivos que no utilices con frecuencia.<\/span><\/p>\n","protected":false},"excerpt":{"rendered":"<p>CARACTERISTICAS:<br \/>\n&#8211; Capacidad: 960 GB<br \/>\n&#8211; Interfaces: USB 3.0<br \/>\n&#8211; Velocidad de rotaci\u00f3n: 5400 rpm<br \/>\n&#8211; Color: Negro, azul, rojo<br \/>\n&#8211; Tecnolog\u00eda de almacenamiento: HDD<br \/>\n&#8211; Aplicaciones: Notebook, PC<br \/>\n&#8211; Marca: adata<br \/>\n&#8211; Ubicaci\u00f3n del disco r\u00edgido: Externo<br \/>\n&#8211; Sistemas operativos soportados: MacOS 10.10,MacOS 10.12,MacOS X 10.11,Windows 10,Windows 7,Windows 8.1<br \/>\n&#8211; Accesorios incluidos: Cable USB 3.0,Manual<\/p>\n","protected":false},"featured_media":3997,"template":"","meta":{"_uag_custom_page_level_css":"","_joinchat":[]},"product_cat":[94,98],"product_tag":[],"uagb_featured_image_src":{"full":["https:\/\/electroredescasanare.com\/wp-content\/uploads\/2023\/11\/disco-solido-externo-adata_extraLargeThumb.webp",460,344,false],"thumbnail":["https:\/\/electroredescasanare.com\/wp-content\/uploads\/2023\/11\/disco-solido-externo-adata_extraLargeThumb-150x150.webp",150,150,true],"medium":["https:\/\/electroredescasanare.com\/wp-content\/uploads\/2023\/11\/disco-solido-externo-adata_extraLargeThumb-300x224.webp",300,224,true],"medium_large":["https:\/\/electroredescasanare.com\/wp-content\/uploads\/2023\/11\/disco-solido-externo-adata_extraLargeThumb.webp",460,344,false],"large":["https:\/\/electroredescasanare.com\/wp-content\/uploads\/2023\/11\/disco-solido-externo-adata_extraLargeThumb.webp",460,344,false],"1536x1536":["https:\/\/electroredescasanare.com\/wp-content\/uploads\/2023\/11\/disco-solido-externo-adata_extraLargeThumb.webp",460,344,false],"2048x2048":["https:\/\/electroredescasanare.com\/wp-content\/uploads\/2023\/11\/disco-solido-externo-adata_extraLargeThumb.webp",460,344,false],"post-thumbnail":["https:\/\/electroredescasanare.com\/wp-content\/uploads\/2023\/11\/disco-solido-externo-adata_extraLargeThumb.webp",460,344,false],"vantage-thumbnail-no-sidebar":["https:\/\/electroredescasanare.com\/wp-content\/uploads\/2023\/11\/disco-solido-externo-adata_extraLargeThumb.webp",460,344,false],"vantage-slide":["https:\/\/electroredescasanare.com\/wp-content\/uploads\/2023\/11\/disco-solido-externo-adata_extraLargeThumb.webp",460,344,false],"vantage-carousel":["https:\/\/electroredescasanare.com\/wp-content\/uploads\/2023\/11\/disco-solido-externo-adata_extraLargeThumb.webp",243,182,false],"vantage-grid-loop":["https:\/\/electroredescasanare.com\/wp-content\/uploads\/2023\/11\/disco-solido-externo-adata_extraLargeThumb.webp",364,272,false],"mailpoet_newsletter_max":["https:\/\/electroredescasanare.com\/wp-content\/uploads\/2023\/11\/disco-solido-externo-adata_extraLargeThumb.webp",460,344,false],"woocommerce_thumbnail":["https:\/\/electroredescasanare.com\/wp-content\/uploads\/2023\/11\/disco-solido-externo-adata_extraLargeThumb-300x300.webp",300,300,true],"woocommerce_single":["https:\/\/electroredescasanare.com\/wp-content\/uploads\/2023\/11\/disco-solido-externo-adata_extraLargeThumb.webp",460,344,false],"woocommerce_gallery_thumbnail":["https:\/\/electroredescasanare.com\/wp-content\/uploads\/2023\/11\/disco-solido-externo-adata_extraLargeThumb-100x100.webp",100,100,true]},"uagb_author_info":{"display_name":"jhonacost@gmail.com","author_link":"https:\/\/electroredescasanare.com\/index.php\/author\/"},"uagb_comment_info":0,"uagb_excerpt":"CARACTERISTICAS: - Capacidad: 960 GB - Interfaces: USB 3.0 - Velocidad de rotaci\u00f3n: 5400 rpm - Color: Negro, azul, rojo - Tecnolog\u00eda de almacenamiento: HDD - Aplicaciones: Notebook, PC - Marca: adata - Ubicaci\u00f3n del disco r\u00edgido: Externo - Sistemas operativos soportados: MacOS 10.10,MacOS 10.12,MacOS X 10.11,Windows 10,Windows 7,Windows 8.1 - Accesorios incluidos: Cable USB&hellip;","_links":{"self":[{"href":"https:\/\/electroredescasanare.com\/index.php\/wp-json\/wp\/v3\/product\/3995"}],"collection":[{"href":"https:\/\/electroredescasanare.com\/index.php\/wp-json\/wp\/v3\/product"}],"about":[{"href":"https:\/\/electroredescasanare.com\/index.php\/wp-json\/wp\/v2\/types\/product"}],"wp:featuredmedia":[{"embeddable":true,"href":"https:\/\/electroredescasanare.com\/index.php\/wp-json\/wp\/v2\/media\/3997"}],"wp:attachment":[{"href":"https:\/\/electroredescasanare.com\/index.php\/wp-json\/wp\/v2\/media?parent=3995"}],"wp:term":[{"taxonomy":"product_cat","embeddable":true,"href":"https:\/\/electroredescasanare.com\/index.php\/wp-json\/wp\/v2\/product_cat?post=3995"},{"taxonomy":"product_tag","embeddable":true,"href":"https:\/\/electroredescasanare.com\/index.php\/wp-json\/wp\/v2\/product_tag?post=3995"}],"curies":[{"name":"wp","href":"https:\/\/api.w.org\/{rel}","templated":true}]}}