{"id":3978,"date":"2023-10-31T10:05:51","date_gmt":"2023-10-31T15:05:51","guid":{"rendered":"https:\/\/electroredescasanare.com\/?post_type=product&#038;p=3978"},"modified":"2023-10-31T10:14:05","modified_gmt":"2023-10-31T15:14:05","slug":"disco-duro-externo-4tb-toshiba","status":"publish","type":"product","link":"https:\/\/electroredescasanare.com\/index.php\/product\/disco-duro-externo-4tb-toshiba\/","title":{"rendered":"DISCO DURO EXTERNO 4TB TOSHIBA"},"content":{"rendered":"<p><span data-pb-style=\"62B41A8A13579\">\u00a0A diferencia de un disco duro interno, que est\u00e1 ubicado dentro de la computadora, un disco duro externo es un dispositivo que puedes conectar en un puerto y que tiene m\u00e1s espacio de almacenamiento donde guardar tu informaci\u00f3n. <\/span><span data-pb-style=\"62B41A8A1357E\">Cuando almacenas datos en un disco duro externo, la \u00fanica manera de acceder a ellos es conectando el dispositivo en la computadora. Tambi\u00e9n puedes utilizarlo para guardar archivos que no utilices con frecuencia.<\/span><\/p>\n","protected":false},"excerpt":{"rendered":"<p>CARACTERISTICAS:<br \/>\n&#8211; Capacidad: 4 TB<br \/>\n&#8211; Interfaces: USB 2.0,USB 3.0<br \/>\n&#8211; Color: Negro<br \/>\n&#8211; Tecnolog\u00eda de almacenamiento: HDD<br \/>\n&#8211; Aplicaciones: Notebook, PC<br \/>\n&#8211; Marca: Toshiba<br \/>\n&#8211; Peso: 218 g<br \/>\n&#8211; Ubicaci\u00f3n del disco r\u00edgido: Externo<br \/>\n&#8211; Sistemas operativos soportados: MacOS 10.10,MacOS 10.12,MacOS X 10.11,Windows 10,Windows 7,Windows 8.1<br \/>\n&#8211; Accesorios incluidos: Cable USB 3.0,Manual<\/p>\n","protected":false},"featured_media":3980,"template":"","meta":{"_uag_custom_page_level_css":"","_joinchat":[]},"product_cat":[94,98],"product_tag":[],"uagb_featured_image_src":{"full":["https:\/\/electroredescasanare.com\/wp-content\/uploads\/2023\/10\/image-removebg-preview-2-2.png",800,800,false],"thumbnail":["https:\/\/electroredescasanare.com\/wp-content\/uploads\/2023\/10\/image-removebg-preview-2-2-150x150.png",150,150,true],"medium":["https:\/\/electroredescasanare.com\/wp-content\/uploads\/2023\/10\/image-removebg-preview-2-2-300x300.png",300,300,true],"medium_large":["https:\/\/electroredescasanare.com\/wp-content\/uploads\/2023\/10\/image-removebg-preview-2-2-768x768.png",720,720,true],"large":["https:\/\/electroredescasanare.com\/wp-content\/uploads\/2023\/10\/image-removebg-preview-2-2.png",720,720,false],"1536x1536":["https:\/\/electroredescasanare.com\/wp-content\/uploads\/2023\/10\/image-removebg-preview-2-2.png",800,800,false],"2048x2048":["https:\/\/electroredescasanare.com\/wp-content\/uploads\/2023\/10\/image-removebg-preview-2-2.png",800,800,false],"post-thumbnail":["https:\/\/electroredescasanare.com\/wp-content\/uploads\/2023\/10\/image-removebg-preview-2-2.png",380,380,false],"vantage-thumbnail-no-sidebar":["https:\/\/electroredescasanare.com\/wp-content\/uploads\/2023\/10\/image-removebg-preview-2-2.png",380,380,false],"vantage-slide":["https:\/\/electroredescasanare.com\/wp-content\/uploads\/2023\/10\/image-removebg-preview-2-2.png",480,480,false],"vantage-carousel":["https:\/\/electroredescasanare.com\/wp-content\/uploads\/2023\/10\/image-removebg-preview-2-2.png",182,182,false],"vantage-grid-loop":["https:\/\/electroredescasanare.com\/wp-content\/uploads\/2023\/10\/image-removebg-preview-2-2.png",272,272,false],"mailpoet_newsletter_max":["https:\/\/electroredescasanare.com\/wp-content\/uploads\/2023\/10\/image-removebg-preview-2-2.png",800,800,false],"woocommerce_thumbnail":["https:\/\/electroredescasanare.com\/wp-content\/uploads\/2023\/10\/image-removebg-preview-2-2-300x300.png",300,300,true],"woocommerce_single":["https:\/\/electroredescasanare.com\/wp-content\/uploads\/2023\/10\/image-removebg-preview-2-2-600x600.png",600,600,true],"woocommerce_gallery_thumbnail":["https:\/\/electroredescasanare.com\/wp-content\/uploads\/2023\/10\/image-removebg-preview-2-2-100x100.png",100,100,true]},"uagb_author_info":{"display_name":"jhonacost@gmail.com","author_link":"https:\/\/electroredescasanare.com\/index.php\/author\/"},"uagb_comment_info":0,"uagb_excerpt":"CARACTERISTICAS: - Capacidad: 4 TB - Interfaces: USB 2.0,USB 3.0 - Color: Negro - Tecnolog\u00eda de almacenamiento: HDD - Aplicaciones: Notebook, PC - Marca: Toshiba - Peso: 218 g - Ubicaci\u00f3n del disco r\u00edgido: Externo - Sistemas operativos soportados: MacOS 10.10,MacOS 10.12,MacOS X 10.11,Windows 10,Windows 7,Windows 8.1 - Accesorios incluidos: Cable USB 3.0,Manual","_links":{"self":[{"href":"https:\/\/electroredescasanare.com\/index.php\/wp-json\/wp\/v3\/product\/3978"}],"collection":[{"href":"https:\/\/electroredescasanare.com\/index.php\/wp-json\/wp\/v3\/product"}],"about":[{"href":"https:\/\/electroredescasanare.com\/index.php\/wp-json\/wp\/v2\/types\/product"}],"wp:featuredmedia":[{"embeddable":true,"href":"https:\/\/electroredescasanare.com\/index.php\/wp-json\/wp\/v2\/media\/3980"}],"wp:attachment":[{"href":"https:\/\/electroredescasanare.com\/index.php\/wp-json\/wp\/v2\/media?parent=3978"}],"wp:term":[{"taxonomy":"product_cat","embeddable":true,"href":"https:\/\/electroredescasanare.com\/index.php\/wp-json\/wp\/v2\/product_cat?post=3978"},{"taxonomy":"product_tag","embeddable":true,"href":"https:\/\/electroredescasanare.com\/index.php\/wp-json\/wp\/v2\/product_tag?post=3978"}],"curies":[{"name":"wp","href":"https:\/\/api.w.org\/{rel}","templated":true}]}}