{"id":3923,"date":"2023-10-26T17:07:46","date_gmt":"2023-10-26T22:07:46","guid":{"rendered":"https:\/\/electroredescasanare.com\/?post_type=product&#038;p=3923"},"modified":"2024-01-13T09:42:02","modified_gmt":"2024-01-13T14:42:02","slug":"disco-duro-pc-2tb-western-digital-purple","status":"publish","type":"product","link":"https:\/\/electroredescasanare.com\/index.php\/product\/disco-duro-pc-2tb-western-digital-purple\/","title":{"rendered":"DISCO DURO PC 2TB WESTERN DIGITAL PURPLE"},"content":{"rendered":"<p>Los disco duros para pc, cuentan con excelente capacidad de almacenamiento, para que puedas guardar grandes cantidades de datos e informaci\u00f3n, sin afectar el rendimiento y la confiabilidad que estos le ofrecen, salvaguardando copias de seguridad de los datos que necesitas para trabajar. la linea purple se utiliza especialmente para sistemas de seguridad, por su r\u00e1pida lectura.<\/p>\n","protected":false},"excerpt":{"rendered":"<p>CARACTERISTICAS:<\/p>\n<p>&#8211; Capacidad: 2 TB<br \/>\n&#8211; Interfaces: SATA III<br \/>\n&#8211; Velocidad de rotaci\u00f3n: 5400 rpm<br \/>\n&#8211; Color: Purple<br \/>\n&#8211; Tecnolog\u00eda de almacenamiento: HDD<br \/>\n&#8211; Aplicaciones: PC<br \/>\n&#8211; Factor de forma: 3.5 &#8221;<br \/>\n&#8211; Marca: Western Digital<br \/>\n&#8211; Ubicaci\u00f3n del disco r\u00edgido: Interno<br \/>\n&#8211; Tipo de disco: escritorio<br \/>\n&#8211; Temperatura de funcionamiento: 0 \u00b0C &#8211; 60 \u00b0C<br \/>\n&#8211; Temperatura de almacenamiento: -40\u00b0C &#8211; 70\u00b0C<br \/>\n&#8211; Cach\u00e9 de datos: 64 MB<br \/>\n&#8211; Peso: 0.45 kg<br \/>\n&#8211; Dimensiones: Ancho 101.6 mm , Altura, 26.1 mm, Profundidad 147 mm<br \/>\n&#8211; Consumo energ\u00e9tico del disco r\u00edgido: 3.3W lectura y escritura,2.5W inactivo,0.4W espera y suspensi\u00f3n<\/p>\n","protected":false},"featured_media":3924,"template":"","meta":{"_uag_custom_page_level_css":"","_joinchat":[]},"product_cat":[94,99],"product_tag":[],"uagb_featured_image_src":{"full":["https:\/\/electroredescasanare.com\/wp-content\/uploads\/2023\/10\/05863E687539F0AA.webp",499,499,false],"thumbnail":["https:\/\/electroredescasanare.com\/wp-content\/uploads\/2023\/10\/05863E687539F0AA-150x150.webp",150,150,true],"medium":["https:\/\/electroredescasanare.com\/wp-content\/uploads\/2023\/10\/05863E687539F0AA-300x300.webp",300,300,true],"medium_large":["https:\/\/electroredescasanare.com\/wp-content\/uploads\/2023\/10\/05863E687539F0AA.webp",499,499,false],"large":["https:\/\/electroredescasanare.com\/wp-content\/uploads\/2023\/10\/05863E687539F0AA.webp",499,499,false],"1536x1536":["https:\/\/electroredescasanare.com\/wp-content\/uploads\/2023\/10\/05863E687539F0AA.webp",499,499,false],"2048x2048":["https:\/\/electroredescasanare.com\/wp-content\/uploads\/2023\/10\/05863E687539F0AA.webp",499,499,false],"post-thumbnail":["https:\/\/electroredescasanare.com\/wp-content\/uploads\/2023\/10\/05863E687539F0AA.webp",380,380,false],"vantage-thumbnail-no-sidebar":["https:\/\/electroredescasanare.com\/wp-content\/uploads\/2023\/10\/05863E687539F0AA.webp",380,380,false],"vantage-slide":["https:\/\/electroredescasanare.com\/wp-content\/uploads\/2023\/10\/05863E687539F0AA.webp",480,480,false],"vantage-carousel":["https:\/\/electroredescasanare.com\/wp-content\/uploads\/2023\/10\/05863E687539F0AA.webp",182,182,false],"vantage-grid-loop":["https:\/\/electroredescasanare.com\/wp-content\/uploads\/2023\/10\/05863E687539F0AA.webp",272,272,false],"mailpoet_newsletter_max":["https:\/\/electroredescasanare.com\/wp-content\/uploads\/2023\/10\/05863E687539F0AA.webp",499,499,false],"woocommerce_thumbnail":["https:\/\/electroredescasanare.com\/wp-content\/uploads\/2023\/10\/05863E687539F0AA-300x300.webp",300,300,true],"woocommerce_single":["https:\/\/electroredescasanare.com\/wp-content\/uploads\/2023\/10\/05863E687539F0AA.webp",499,499,false],"woocommerce_gallery_thumbnail":["https:\/\/electroredescasanare.com\/wp-content\/uploads\/2023\/10\/05863E687539F0AA-100x100.webp",100,100,true]},"uagb_author_info":{"display_name":"jhonacost@gmail.com","author_link":"https:\/\/electroredescasanare.com\/index.php\/author\/"},"uagb_comment_info":0,"uagb_excerpt":"CARACTERISTICAS: - Capacidad: 2 TB - Interfaces: SATA III - Velocidad de rotaci\u00f3n: 5400 rpm - Color: Purple - Tecnolog\u00eda de almacenamiento: HDD - Aplicaciones: PC - Factor de forma: 3.5 \" - Marca: Western Digital - Ubicaci\u00f3n del disco r\u00edgido: Interno - Tipo de disco: escritorio - Temperatura de funcionamiento: 0 \u00b0C - 60&hellip;","_links":{"self":[{"href":"https:\/\/electroredescasanare.com\/index.php\/wp-json\/wp\/v3\/product\/3923"}],"collection":[{"href":"https:\/\/electroredescasanare.com\/index.php\/wp-json\/wp\/v3\/product"}],"about":[{"href":"https:\/\/electroredescasanare.com\/index.php\/wp-json\/wp\/v2\/types\/product"}],"wp:featuredmedia":[{"embeddable":true,"href":"https:\/\/electroredescasanare.com\/index.php\/wp-json\/wp\/v2\/media\/3924"}],"wp:attachment":[{"href":"https:\/\/electroredescasanare.com\/index.php\/wp-json\/wp\/v2\/media?parent=3923"}],"wp:term":[{"taxonomy":"product_cat","embeddable":true,"href":"https:\/\/electroredescasanare.com\/index.php\/wp-json\/wp\/v2\/product_cat?post=3923"},{"taxonomy":"product_tag","embeddable":true,"href":"https:\/\/electroredescasanare.com\/index.php\/wp-json\/wp\/v2\/product_tag?post=3923"}],"curies":[{"name":"wp","href":"https:\/\/api.w.org\/{rel}","templated":true}]}}