{"id":3905,"date":"2023-10-26T16:05:01","date_gmt":"2023-10-26T21:05:01","guid":{"rendered":"https:\/\/electroredescasanare.com\/?post_type=product&#038;p=3905"},"modified":"2023-10-26T16:12:32","modified_gmt":"2023-10-26T21:12:32","slug":"fuente-de-poder-real-jaltech-500w-ref-jal-atx-500","status":"publish","type":"product","link":"https:\/\/electroredescasanare.com\/index.php\/product\/fuente-de-poder-real-jaltech-500w-ref-jal-atx-500\/","title":{"rendered":"FUENTE DE PODER REAL JALTECH 500W REF. JAL-ATX 500"},"content":{"rendered":"<p>Fuente de poder para equipos de c\u00f3mputo con protecci\u00f3n de altos voltajes y entrega de energ\u00eda regulada, cuenta con switch de encendido y cambio de voltaje, incluye cable de poder.<\/p>\n","protected":false},"excerpt":{"rendered":"<p>CARACTERISTICAS:<br \/>\n&#8211; Fuente de poder watts reales<br \/>\n&#8211; Fuente de poder para pc<br \/>\n&#8211; Potencia: 500w<br \/>\n&#8211; Cable largo con longitud 50cm<br \/>\n&#8211; Cables con recubrimiento en malla negra<br \/>\n&#8211; Conector 24 pines<br \/>\n&#8211; 2 conectores ide<br \/>\n&#8211; 4 conectores sata<br \/>\n&#8211; 1 conector p4<br \/>\n&#8211; 1 conector pcie de 6+2 pines<br \/>\n&#8211; Disipador de calor con ventilador<br \/>\n&#8211; Interruptor on\/off:<br \/>\n&#8211; Interruptor 110v-220v<br \/>\n&#8211; Carcasa negra<br \/>\n&#8211; Medidas: 15cm x 14.2mm x 8.7mm<br \/>\n&#8211; Ventilador silencioso de 12 cm<\/p>\n","protected":false},"featured_media":3907,"template":"","meta":{"_uag_custom_page_level_css":"","_joinchat":[]},"product_cat":[35,33],"product_tag":[],"uagb_featured_image_src":{"full":["https:\/\/electroredescasanare.com\/wp-content\/uploads\/2023\/10\/FUENTE-DE-PODER-PC-500W_80328_JAL-ATX-500_1.webp",1000,1000,false],"thumbnail":["https:\/\/electroredescasanare.com\/wp-content\/uploads\/2023\/10\/FUENTE-DE-PODER-PC-500W_80328_JAL-ATX-500_1-150x150.webp",150,150,true],"medium":["https:\/\/electroredescasanare.com\/wp-content\/uploads\/2023\/10\/FUENTE-DE-PODER-PC-500W_80328_JAL-ATX-500_1-300x300.webp",300,300,true],"medium_large":["https:\/\/electroredescasanare.com\/wp-content\/uploads\/2023\/10\/FUENTE-DE-PODER-PC-500W_80328_JAL-ATX-500_1-768x768.webp",720,720,true],"large":["https:\/\/electroredescasanare.com\/wp-content\/uploads\/2023\/10\/FUENTE-DE-PODER-PC-500W_80328_JAL-ATX-500_1.webp",720,720,false],"1536x1536":["https:\/\/electroredescasanare.com\/wp-content\/uploads\/2023\/10\/FUENTE-DE-PODER-PC-500W_80328_JAL-ATX-500_1.webp",1000,1000,false],"2048x2048":["https:\/\/electroredescasanare.com\/wp-content\/uploads\/2023\/10\/FUENTE-DE-PODER-PC-500W_80328_JAL-ATX-500_1.webp",1000,1000,false],"post-thumbnail":["https:\/\/electroredescasanare.com\/wp-content\/uploads\/2023\/10\/FUENTE-DE-PODER-PC-500W_80328_JAL-ATX-500_1.webp",380,380,false],"vantage-thumbnail-no-sidebar":["https:\/\/electroredescasanare.com\/wp-content\/uploads\/2023\/10\/FUENTE-DE-PODER-PC-500W_80328_JAL-ATX-500_1.webp",380,380,false],"vantage-slide":["https:\/\/electroredescasanare.com\/wp-content\/uploads\/2023\/10\/FUENTE-DE-PODER-PC-500W_80328_JAL-ATX-500_1.webp",480,480,false],"vantage-carousel":["https:\/\/electroredescasanare.com\/wp-content\/uploads\/2023\/10\/FUENTE-DE-PODER-PC-500W_80328_JAL-ATX-500_1.webp",182,182,false],"vantage-grid-loop":["https:\/\/electroredescasanare.com\/wp-content\/uploads\/2023\/10\/FUENTE-DE-PODER-PC-500W_80328_JAL-ATX-500_1.webp",272,272,false],"mailpoet_newsletter_max":["https:\/\/electroredescasanare.com\/wp-content\/uploads\/2023\/10\/FUENTE-DE-PODER-PC-500W_80328_JAL-ATX-500_1.webp",1000,1000,false],"woocommerce_thumbnail":["https:\/\/electroredescasanare.com\/wp-content\/uploads\/2023\/10\/FUENTE-DE-PODER-PC-500W_80328_JAL-ATX-500_1-300x300.webp",300,300,true],"woocommerce_single":["https:\/\/electroredescasanare.com\/wp-content\/uploads\/2023\/10\/FUENTE-DE-PODER-PC-500W_80328_JAL-ATX-500_1-600x600.webp",600,600,true],"woocommerce_gallery_thumbnail":["https:\/\/electroredescasanare.com\/wp-content\/uploads\/2023\/10\/FUENTE-DE-PODER-PC-500W_80328_JAL-ATX-500_1-100x100.webp",100,100,true]},"uagb_author_info":{"display_name":"jhonacost@gmail.com","author_link":"https:\/\/electroredescasanare.com\/index.php\/author\/"},"uagb_comment_info":0,"uagb_excerpt":"CARACTERISTICAS: - Fuente de poder watts reales - Fuente de poder para pc - Potencia: 500w - Cable largo con longitud 50cm - Cables con recubrimiento en malla negra - Conector 24 pines - 2 conectores ide - 4 conectores sata - 1 conector p4 - 1 conector pcie de 6+2 pines - Disipador de&hellip;","_links":{"self":[{"href":"https:\/\/electroredescasanare.com\/index.php\/wp-json\/wp\/v3\/product\/3905"}],"collection":[{"href":"https:\/\/electroredescasanare.com\/index.php\/wp-json\/wp\/v3\/product"}],"about":[{"href":"https:\/\/electroredescasanare.com\/index.php\/wp-json\/wp\/v2\/types\/product"}],"wp:featuredmedia":[{"embeddable":true,"href":"https:\/\/electroredescasanare.com\/index.php\/wp-json\/wp\/v2\/media\/3907"}],"wp:attachment":[{"href":"https:\/\/electroredescasanare.com\/index.php\/wp-json\/wp\/v2\/media?parent=3905"}],"wp:term":[{"taxonomy":"product_cat","embeddable":true,"href":"https:\/\/electroredescasanare.com\/index.php\/wp-json\/wp\/v2\/product_cat?post=3905"},{"taxonomy":"product_tag","embeddable":true,"href":"https:\/\/electroredescasanare.com\/index.php\/wp-json\/wp\/v2\/product_tag?post=3905"}],"curies":[{"name":"wp","href":"https:\/\/api.w.org\/{rel}","templated":true}]}}