{"id":3827,"date":"2023-10-23T14:58:05","date_gmt":"2023-10-23T19:58:05","guid":{"rendered":"https:\/\/electroredescasanare.com\/?post_type=product&#038;p=3827"},"modified":"2023-10-27T11:26:31","modified_gmt":"2023-10-27T16:26:31","slug":"disco-duro-pc-1tb-western-digital-white","status":"publish","type":"product","link":"https:\/\/electroredescasanare.com\/index.php\/product\/disco-duro-pc-1tb-western-digital-white\/","title":{"rendered":"DISCO DURO PC 1TB WESTERN DIGITAL WHITE"},"content":{"rendered":"<p>Los disco duros para pc, cuentan con excelente capacidad de almacenamiento, para que puedas guardar grandes cantidades de datos e informaci\u00f3n, sin afectar el rendimiento y la confiabilidad que estos le ofrecen, salvaguardando copias de seguridad de los datos que necesitas para trabajar.<\/p>\n","protected":false},"excerpt":{"rendered":"<p>CARACTERISTICAS:<br \/>\n&#8211; Capacidad: 1 TB<br \/>\n&#8211; Interfaces: SATA III<br \/>\n&#8211; Velocidad de rotaci\u00f3n: 5400 rpm<br \/>\n&#8211; Color: Blanco<br \/>\n&#8211; Tecnolog\u00eda de almacenamiento: HDD<br \/>\n&#8211; Aplicaciones: PC<br \/>\n&#8211; Factor de forma: 3.5 &#8221;<br \/>\n&#8211; Marca: Western Digital<br \/>\n&#8211; Ubicaci\u00f3n del disco r\u00edgido: Interno<br \/>\n&#8211; Tipo de disco: escritorio<br \/>\n&#8211; Temperatura de funcionamiento: 0 \u00b0C &#8211; 60 \u00b0C<br \/>\n&#8211; Temperatura de almacenamiento: -40\u00b0C &#8211; 70\u00b0C<br \/>\n&#8211; Peso: 0.45 kg<br \/>\n&#8211; Dimensiones: Ancho 101.6 mm , Altura, 26.1 mm, Profundidad 147 mm<br \/>\n&#8211; Consumo energ\u00e9tico del disco r\u00edgido: 3.3W lectura y escritura,2.5W inactivo,0.4W espera y suspensi\u00f3n<\/p>\n","protected":false},"featured_media":3828,"template":"","meta":{"_uag_custom_page_level_css":"","_joinchat":[]},"product_cat":[94,99],"product_tag":[],"uagb_featured_image_src":{"full":["https:\/\/electroredescasanare.com\/wp-content\/uploads\/2023\/10\/hdd-westerndigital.jpg",900,900,false],"thumbnail":["https:\/\/electroredescasanare.com\/wp-content\/uploads\/2023\/10\/hdd-westerndigital-150x150.jpg",150,150,true],"medium":["https:\/\/electroredescasanare.com\/wp-content\/uploads\/2023\/10\/hdd-westerndigital-300x300.jpg",300,300,true],"medium_large":["https:\/\/electroredescasanare.com\/wp-content\/uploads\/2023\/10\/hdd-westerndigital-768x768.jpg",720,720,true],"large":["https:\/\/electroredescasanare.com\/wp-content\/uploads\/2023\/10\/hdd-westerndigital.jpg",720,720,false],"1536x1536":["https:\/\/electroredescasanare.com\/wp-content\/uploads\/2023\/10\/hdd-westerndigital.jpg",900,900,false],"2048x2048":["https:\/\/electroredescasanare.com\/wp-content\/uploads\/2023\/10\/hdd-westerndigital.jpg",900,900,false],"post-thumbnail":["https:\/\/electroredescasanare.com\/wp-content\/uploads\/2023\/10\/hdd-westerndigital.jpg",380,380,false],"vantage-thumbnail-no-sidebar":["https:\/\/electroredescasanare.com\/wp-content\/uploads\/2023\/10\/hdd-westerndigital.jpg",380,380,false],"vantage-slide":["https:\/\/electroredescasanare.com\/wp-content\/uploads\/2023\/10\/hdd-westerndigital.jpg",480,480,false],"vantage-carousel":["https:\/\/electroredescasanare.com\/wp-content\/uploads\/2023\/10\/hdd-westerndigital.jpg",182,182,false],"vantage-grid-loop":["https:\/\/electroredescasanare.com\/wp-content\/uploads\/2023\/10\/hdd-westerndigital.jpg",272,272,false],"mailpoet_newsletter_max":["https:\/\/electroredescasanare.com\/wp-content\/uploads\/2023\/10\/hdd-westerndigital.jpg",900,900,false],"woocommerce_thumbnail":["https:\/\/electroredescasanare.com\/wp-content\/uploads\/2023\/10\/hdd-westerndigital-300x300.jpg",300,300,true],"woocommerce_single":["https:\/\/electroredescasanare.com\/wp-content\/uploads\/2023\/10\/hdd-westerndigital-600x600.jpg",600,600,true],"woocommerce_gallery_thumbnail":["https:\/\/electroredescasanare.com\/wp-content\/uploads\/2023\/10\/hdd-westerndigital-100x100.jpg",100,100,true]},"uagb_author_info":{"display_name":"jhonacost@gmail.com","author_link":"https:\/\/electroredescasanare.com\/index.php\/author\/"},"uagb_comment_info":0,"uagb_excerpt":"CARACTERISTICAS: - Capacidad: 1 TB - Interfaces: SATA III - Velocidad de rotaci\u00f3n: 5400 rpm - Color: Blanco - Tecnolog\u00eda de almacenamiento: HDD - Aplicaciones: PC - Factor de forma: 3.5 \" - Marca: Western Digital - Ubicaci\u00f3n del disco r\u00edgido: Interno - Tipo de disco: escritorio - Temperatura de funcionamiento: 0 \u00b0C - 60&hellip;","_links":{"self":[{"href":"https:\/\/electroredescasanare.com\/index.php\/wp-json\/wp\/v3\/product\/3827"}],"collection":[{"href":"https:\/\/electroredescasanare.com\/index.php\/wp-json\/wp\/v3\/product"}],"about":[{"href":"https:\/\/electroredescasanare.com\/index.php\/wp-json\/wp\/v2\/types\/product"}],"wp:featuredmedia":[{"embeddable":true,"href":"https:\/\/electroredescasanare.com\/index.php\/wp-json\/wp\/v2\/media\/3828"}],"wp:attachment":[{"href":"https:\/\/electroredescasanare.com\/index.php\/wp-json\/wp\/v2\/media?parent=3827"}],"wp:term":[{"taxonomy":"product_cat","embeddable":true,"href":"https:\/\/electroredescasanare.com\/index.php\/wp-json\/wp\/v2\/product_cat?post=3827"},{"taxonomy":"product_tag","embeddable":true,"href":"https:\/\/electroredescasanare.com\/index.php\/wp-json\/wp\/v2\/product_tag?post=3827"}],"curies":[{"name":"wp","href":"https:\/\/api.w.org\/{rel}","templated":true}]}}