{"id":3489,"date":"2023-10-10T11:20:45","date_gmt":"2023-10-10T16:20:45","guid":{"rendered":"https:\/\/electroredescasanare.com\/?post_type=product&#038;p=3489"},"modified":"2023-10-10T11:26:13","modified_gmt":"2023-10-10T16:26:13","slug":"diadema-gamer-jyr-ref-075-mv","status":"publish","type":"product","link":"https:\/\/electroredescasanare.com\/index.php\/product\/diadema-gamer-jyr-ref-075-mv\/","title":{"rendered":"DIADEMA GAMER JYR REF. 075-MV"},"content":{"rendered":"<p>Diadema Gamer para PC edici\u00f3n especial Anubis, luz RGB Rainbow (est\u00e1tica), conexi\u00f3n doble plug 3.5mm + USB para iluminaci\u00f3n, micr\u00f3fono flexible, banda superior el\u00e1stica para f\u00e1cil adaptaci\u00f3n y mayor comodidad, almohadillas microperforadas con una vida \u00fatil superior a las convencionales.<\/p>\n","protected":false},"excerpt":{"rendered":"<p>CARACTERISTICAS:<\/p>\n<p>&#8211; Di\u00e1metro de la bocina: 50mm.<br \/>\n&#8211; Respuesta frecuencia: 20Hz-20.000Hz.<br \/>\n&#8211; Impedancia de la bocina: 32 Ohm.<br \/>\n&#8211; Sensibilidad de la bocina: 120dB +\/- 3dB.<br \/>\n&#8211; Direcci\u00f3n micr\u00f3fono: Omnidireccional.<br \/>\n&#8211; Tipo de conexi\u00f3n: Plug 3.5 mm + USB (alimentaci\u00f3n luz LED).<br \/>\n&#8211; Longitud del cable: 1.8 m.<\/p>\n","protected":false},"featured_media":3490,"template":"","meta":{"_uag_custom_page_level_css":"","_joinchat":[]},"product_cat":[43,40],"product_tag":[],"uagb_featured_image_src":{"full":["https:\/\/electroredescasanare.com\/wp-content\/uploads\/2023\/10\/074-MV-1-1.jpg",1000,1000,false],"thumbnail":["https:\/\/electroredescasanare.com\/wp-content\/uploads\/2023\/10\/074-MV-1-1-150x150.jpg",150,150,true],"medium":["https:\/\/electroredescasanare.com\/wp-content\/uploads\/2023\/10\/074-MV-1-1-300x300.jpg",300,300,true],"medium_large":["https:\/\/electroredescasanare.com\/wp-content\/uploads\/2023\/10\/074-MV-1-1-768x768.jpg",720,720,true],"large":["https:\/\/electroredescasanare.com\/wp-content\/uploads\/2023\/10\/074-MV-1-1.jpg",720,720,false],"1536x1536":["https:\/\/electroredescasanare.com\/wp-content\/uploads\/2023\/10\/074-MV-1-1.jpg",1000,1000,false],"2048x2048":["https:\/\/electroredescasanare.com\/wp-content\/uploads\/2023\/10\/074-MV-1-1.jpg",1000,1000,false],"post-thumbnail":["https:\/\/electroredescasanare.com\/wp-content\/uploads\/2023\/10\/074-MV-1-1.jpg",380,380,false],"vantage-thumbnail-no-sidebar":["https:\/\/electroredescasanare.com\/wp-content\/uploads\/2023\/10\/074-MV-1-1.jpg",380,380,false],"vantage-slide":["https:\/\/electroredescasanare.com\/wp-content\/uploads\/2023\/10\/074-MV-1-1.jpg",480,480,false],"vantage-carousel":["https:\/\/electroredescasanare.com\/wp-content\/uploads\/2023\/10\/074-MV-1-1.jpg",182,182,false],"vantage-grid-loop":["https:\/\/electroredescasanare.com\/wp-content\/uploads\/2023\/10\/074-MV-1-1.jpg",272,272,false],"mailpoet_newsletter_max":["https:\/\/electroredescasanare.com\/wp-content\/uploads\/2023\/10\/074-MV-1-1.jpg",1000,1000,false],"woocommerce_thumbnail":["https:\/\/electroredescasanare.com\/wp-content\/uploads\/2023\/10\/074-MV-1-1-300x300.jpg",300,300,true],"woocommerce_single":["https:\/\/electroredescasanare.com\/wp-content\/uploads\/2023\/10\/074-MV-1-1-600x600.jpg",600,600,true],"woocommerce_gallery_thumbnail":["https:\/\/electroredescasanare.com\/wp-content\/uploads\/2023\/10\/074-MV-1-1-100x100.jpg",100,100,true]},"uagb_author_info":{"display_name":"jhonacost@gmail.com","author_link":"https:\/\/electroredescasanare.com\/index.php\/author\/"},"uagb_comment_info":0,"uagb_excerpt":"CARACTERISTICAS: - Di\u00e1metro de la bocina: 50mm. - Respuesta frecuencia: 20Hz-20.000Hz. - Impedancia de la bocina: 32 Ohm. - Sensibilidad de la bocina: 120dB +\/- 3dB. - Direcci\u00f3n micr\u00f3fono: Omnidireccional. - Tipo de conexi\u00f3n: Plug 3.5 mm + USB (alimentaci\u00f3n luz LED). - Longitud del cable: 1.8 m.","_links":{"self":[{"href":"https:\/\/electroredescasanare.com\/index.php\/wp-json\/wp\/v3\/product\/3489"}],"collection":[{"href":"https:\/\/electroredescasanare.com\/index.php\/wp-json\/wp\/v3\/product"}],"about":[{"href":"https:\/\/electroredescasanare.com\/index.php\/wp-json\/wp\/v2\/types\/product"}],"wp:featuredmedia":[{"embeddable":true,"href":"https:\/\/electroredescasanare.com\/index.php\/wp-json\/wp\/v2\/media\/3490"}],"wp:attachment":[{"href":"https:\/\/electroredescasanare.com\/index.php\/wp-json\/wp\/v2\/media?parent=3489"}],"wp:term":[{"taxonomy":"product_cat","embeddable":true,"href":"https:\/\/electroredescasanare.com\/index.php\/wp-json\/wp\/v2\/product_cat?post=3489"},{"taxonomy":"product_tag","embeddable":true,"href":"https:\/\/electroredescasanare.com\/index.php\/wp-json\/wp\/v2\/product_tag?post=3489"}],"curies":[{"name":"wp","href":"https:\/\/api.w.org\/{rel}","templated":true}]}}