{"id":3450,"date":"2023-08-29T09:39:55","date_gmt":"2023-08-29T14:39:55","guid":{"rendered":"https:\/\/electroredescasanare.com\/?post_type=product&#038;p=3450"},"modified":"2023-08-29T10:20:31","modified_gmt":"2023-08-29T15:20:31","slug":"combo-gamer-jyr-ref-ctmgjr-018","status":"publish","type":"product","link":"https:\/\/electroredescasanare.com\/index.php\/product\/combo-gamer-jyr-ref-ctmgjr-018\/","title":{"rendered":"COMBO GAMER JYR REF. CTMGJR-018"},"content":{"rendered":"<p>Con este kit de teclado y mouse JyR llevar\u00e1s tus partidas a otro nivel. Destinado a un p\u00fablico gamer, potencia tu performance en distintos juegos. Con este combo, podr\u00e1s darle un uso intensivo a estos dispositivos y disfrutar de interminables horas de diversi\u00f3n, incluye software.<\/p>\n","protected":false},"excerpt":{"rendered":"<p>CARACTERISTICAS:<br \/>\nMOUSE:<br \/>\n&#8211; Numero de teclas: 7<br \/>\n-Iluminaci\u00f3n RGB<br \/>\n&#8211; DPI: 800 \/ 2000 \/ 3200 \/ 4800 \/ 7200 \/ 12800<br \/>\n&#8211; Rate: 125-250-500-1000HZ<\/p>\n<p>TECLADO:<br \/>\n&#8211; 105 teclas<br \/>\n&#8211; Iluminaci\u00f3n RGB<br \/>\n&#8211; 7 Teclas multimedia<br \/>\n&#8211; Control de volumen<br \/>\n&#8211; Membrana 110%<\/p>\n","protected":false},"featured_media":3451,"template":"","meta":{"_uag_custom_page_level_css":"","_joinchat":[]},"product_cat":[41,40],"product_tag":[],"uagb_featured_image_src":{"full":["https:\/\/electroredescasanare.com\/wp-content\/uploads\/2023\/08\/WhatsApp-Image-2023-08-29-at-9.57.02-AM.jpeg",1600,1600,false],"thumbnail":["https:\/\/electroredescasanare.com\/wp-content\/uploads\/2023\/08\/WhatsApp-Image-2023-08-29-at-9.57.02-AM-150x150.jpeg",150,150,true],"medium":["https:\/\/electroredescasanare.com\/wp-content\/uploads\/2023\/08\/WhatsApp-Image-2023-08-29-at-9.57.02-AM-300x300.jpeg",300,300,true],"medium_large":["https:\/\/electroredescasanare.com\/wp-content\/uploads\/2023\/08\/WhatsApp-Image-2023-08-29-at-9.57.02-AM-768x768.jpeg",720,720,true],"large":["https:\/\/electroredescasanare.com\/wp-content\/uploads\/2023\/08\/WhatsApp-Image-2023-08-29-at-9.57.02-AM-1024x1024.jpeg",720,720,true],"1536x1536":["https:\/\/electroredescasanare.com\/wp-content\/uploads\/2023\/08\/WhatsApp-Image-2023-08-29-at-9.57.02-AM-1536x1536.jpeg",1536,1536,true],"2048x2048":["https:\/\/electroredescasanare.com\/wp-content\/uploads\/2023\/08\/WhatsApp-Image-2023-08-29-at-9.57.02-AM.jpeg",1600,1600,false],"post-thumbnail":["https:\/\/electroredescasanare.com\/wp-content\/uploads\/2023\/08\/WhatsApp-Image-2023-08-29-at-9.57.02-AM.jpeg",380,380,false],"vantage-thumbnail-no-sidebar":["https:\/\/electroredescasanare.com\/wp-content\/uploads\/2023\/08\/WhatsApp-Image-2023-08-29-at-9.57.02-AM.jpeg",380,380,false],"vantage-slide":["https:\/\/electroredescasanare.com\/wp-content\/uploads\/2023\/08\/WhatsApp-Image-2023-08-29-at-9.57.02-AM.jpeg",480,480,false],"vantage-carousel":["https:\/\/electroredescasanare.com\/wp-content\/uploads\/2023\/08\/WhatsApp-Image-2023-08-29-at-9.57.02-AM.jpeg",182,182,false],"vantage-grid-loop":["https:\/\/electroredescasanare.com\/wp-content\/uploads\/2023\/08\/WhatsApp-Image-2023-08-29-at-9.57.02-AM.jpeg",272,272,false],"mailpoet_newsletter_max":["https:\/\/electroredescasanare.com\/wp-content\/uploads\/2023\/08\/WhatsApp-Image-2023-08-29-at-9.57.02-AM-1320x1320.jpeg",1320,1320,true],"woocommerce_thumbnail":["https:\/\/electroredescasanare.com\/wp-content\/uploads\/2023\/08\/WhatsApp-Image-2023-08-29-at-9.57.02-AM-300x300.jpeg",300,300,true],"woocommerce_single":["https:\/\/electroredescasanare.com\/wp-content\/uploads\/2023\/08\/WhatsApp-Image-2023-08-29-at-9.57.02-AM-600x600.jpeg",600,600,true],"woocommerce_gallery_thumbnail":["https:\/\/electroredescasanare.com\/wp-content\/uploads\/2023\/08\/WhatsApp-Image-2023-08-29-at-9.57.02-AM-100x100.jpeg",100,100,true]},"uagb_author_info":{"display_name":"jhonacost@gmail.com","author_link":"https:\/\/electroredescasanare.com\/index.php\/author\/"},"uagb_comment_info":0,"uagb_excerpt":"CARACTERISTICAS: MOUSE: - Numero de teclas: 7 -Iluminaci\u00f3n RGB - DPI: 800 \/ 2000 \/ 3200 \/ 4800 \/ 7200 \/ 12800 - Rate: 125-250-500-1000HZ TECLADO: - 105 teclas - Iluminaci\u00f3n RGB - 7 Teclas multimedia - Control de volumen - Membrana 110%","_links":{"self":[{"href":"https:\/\/electroredescasanare.com\/index.php\/wp-json\/wp\/v3\/product\/3450"}],"collection":[{"href":"https:\/\/electroredescasanare.com\/index.php\/wp-json\/wp\/v3\/product"}],"about":[{"href":"https:\/\/electroredescasanare.com\/index.php\/wp-json\/wp\/v2\/types\/product"}],"wp:featuredmedia":[{"embeddable":true,"href":"https:\/\/electroredescasanare.com\/index.php\/wp-json\/wp\/v2\/media\/3451"}],"wp:attachment":[{"href":"https:\/\/electroredescasanare.com\/index.php\/wp-json\/wp\/v2\/media?parent=3450"}],"wp:term":[{"taxonomy":"product_cat","embeddable":true,"href":"https:\/\/electroredescasanare.com\/index.php\/wp-json\/wp\/v2\/product_cat?post=3450"},{"taxonomy":"product_tag","embeddable":true,"href":"https:\/\/electroredescasanare.com\/index.php\/wp-json\/wp\/v2\/product_tag?post=3450"}],"curies":[{"name":"wp","href":"https:\/\/api.w.org\/{rel}","templated":true}]}}