{"id":3445,"date":"2023-08-16T16:58:40","date_gmt":"2023-08-16T21:58:40","guid":{"rendered":"https:\/\/electroredescasanare.com\/?post_type=product&#038;p=3445"},"modified":"2023-08-16T17:06:22","modified_gmt":"2023-08-16T22:06:22","slug":"combo-gamer-jyr-ref-ctmgjr-015","status":"publish","type":"product","link":"https:\/\/electroredescasanare.com\/index.php\/product\/combo-gamer-jyr-ref-ctmgjr-015\/","title":{"rendered":"COMBO GAMER JYR REF. CTMGJR-015"},"content":{"rendered":"<p>Teclado Retrogradado flotantes, Teclado con Placa Met\u00e1lica para mayor duraci\u00f3n. ,Tecla de juego con bloqueo de Windows, Teclas con doble impresi\u00f3n l\u00e1ser, Mouse Retroiluminado con variado Autom\u00e1tico, Mouse con dpi hasta de 2400, Mouse 6 botones<\/p>\n","protected":false},"excerpt":{"rendered":"<p>CARACTERISTICAS:<br \/>\nTECLADO:<br \/>\n-Material: ABS<br \/>\n&#8211; Instalacion: plug and play<br \/>\n&#8211; Medidas: 50 cm *20 cm *3.5cm<br \/>\n&#8211; Conexion USB<br \/>\n&#8211; 104 teclas, 12 multimedia<br \/>\n&#8211; Peso 670g<\/p>\n<p>MOUSE:<br \/>\n&#8211; Material: ABS<br \/>\n&#8211; Interfaz USB<br \/>\n&#8211; Medidas: 12cm * 7.7cm * 4cm<br \/>\n&#8211; Peso: 137g<br \/>\n&#8211; 800, 1200, 1600, 2400 DPI<br \/>\n&#8211; Retroiluminado 7 colores<br \/>\n&#8211; 4 botones<\/p>\n<p>PAD MOUSE:<br \/>\n&#8211; Medidas: 20cm* 18cm * 0.2cm<\/p>\n","protected":false},"featured_media":3447,"template":"","meta":{"_uag_custom_page_level_css":"","_joinchat":[]},"product_cat":[41,40],"product_tag":[],"uagb_featured_image_src":{"full":["https:\/\/electroredescasanare.com\/wp-content\/uploads\/2023\/08\/CTMGJR-015-2.jpg",1000,1000,false],"thumbnail":["https:\/\/electroredescasanare.com\/wp-content\/uploads\/2023\/08\/CTMGJR-015-2-150x150.jpg",150,150,true],"medium":["https:\/\/electroredescasanare.com\/wp-content\/uploads\/2023\/08\/CTMGJR-015-2-300x300.jpg",300,300,true],"medium_large":["https:\/\/electroredescasanare.com\/wp-content\/uploads\/2023\/08\/CTMGJR-015-2-768x768.jpg",720,720,true],"large":["https:\/\/electroredescasanare.com\/wp-content\/uploads\/2023\/08\/CTMGJR-015-2.jpg",720,720,false],"1536x1536":["https:\/\/electroredescasanare.com\/wp-content\/uploads\/2023\/08\/CTMGJR-015-2.jpg",1000,1000,false],"2048x2048":["https:\/\/electroredescasanare.com\/wp-content\/uploads\/2023\/08\/CTMGJR-015-2.jpg",1000,1000,false],"post-thumbnail":["https:\/\/electroredescasanare.com\/wp-content\/uploads\/2023\/08\/CTMGJR-015-2.jpg",380,380,false],"vantage-thumbnail-no-sidebar":["https:\/\/electroredescasanare.com\/wp-content\/uploads\/2023\/08\/CTMGJR-015-2.jpg",380,380,false],"vantage-slide":["https:\/\/electroredescasanare.com\/wp-content\/uploads\/2023\/08\/CTMGJR-015-2.jpg",480,480,false],"vantage-carousel":["https:\/\/electroredescasanare.com\/wp-content\/uploads\/2023\/08\/CTMGJR-015-2.jpg",182,182,false],"vantage-grid-loop":["https:\/\/electroredescasanare.com\/wp-content\/uploads\/2023\/08\/CTMGJR-015-2.jpg",272,272,false],"mailpoet_newsletter_max":["https:\/\/electroredescasanare.com\/wp-content\/uploads\/2023\/08\/CTMGJR-015-2.jpg",1000,1000,false],"woocommerce_thumbnail":["https:\/\/electroredescasanare.com\/wp-content\/uploads\/2023\/08\/CTMGJR-015-2-300x300.jpg",300,300,true],"woocommerce_single":["https:\/\/electroredescasanare.com\/wp-content\/uploads\/2023\/08\/CTMGJR-015-2-600x600.jpg",600,600,true],"woocommerce_gallery_thumbnail":["https:\/\/electroredescasanare.com\/wp-content\/uploads\/2023\/08\/CTMGJR-015-2-100x100.jpg",100,100,true]},"uagb_author_info":{"display_name":"jhonacost@gmail.com","author_link":"https:\/\/electroredescasanare.com\/index.php\/author\/"},"uagb_comment_info":0,"uagb_excerpt":"CARACTERISTICAS: TECLADO: -Material: ABS - Instalacion: plug and play - Medidas: 50 cm *20 cm *3.5cm - Conexion USB - 104 teclas, 12 multimedia - Peso 670g MOUSE: - Material: ABS - Interfaz USB - Medidas: 12cm * 7.7cm * 4cm - Peso: 137g - 800, 1200, 1600, 2400 DPI - Retroiluminado 7 colores -&hellip;","_links":{"self":[{"href":"https:\/\/electroredescasanare.com\/index.php\/wp-json\/wp\/v3\/product\/3445"}],"collection":[{"href":"https:\/\/electroredescasanare.com\/index.php\/wp-json\/wp\/v3\/product"}],"about":[{"href":"https:\/\/electroredescasanare.com\/index.php\/wp-json\/wp\/v2\/types\/product"}],"wp:featuredmedia":[{"embeddable":true,"href":"https:\/\/electroredescasanare.com\/index.php\/wp-json\/wp\/v2\/media\/3447"}],"wp:attachment":[{"href":"https:\/\/electroredescasanare.com\/index.php\/wp-json\/wp\/v2\/media?parent=3445"}],"wp:term":[{"taxonomy":"product_cat","embeddable":true,"href":"https:\/\/electroredescasanare.com\/index.php\/wp-json\/wp\/v2\/product_cat?post=3445"},{"taxonomy":"product_tag","embeddable":true,"href":"https:\/\/electroredescasanare.com\/index.php\/wp-json\/wp\/v2\/product_tag?post=3445"}],"curies":[{"name":"wp","href":"https:\/\/api.w.org\/{rel}","templated":true}]}}