{"id":3428,"date":"2023-08-09T16:36:45","date_gmt":"2023-08-09T21:36:45","guid":{"rendered":"https:\/\/electroredescasanare.com\/?post_type=product&#038;p=3428"},"modified":"2023-08-15T15:41:02","modified_gmt":"2023-08-15T20:41:02","slug":"combo-gamer-weibo-ref-wb-550","status":"publish","type":"product","link":"https:\/\/electroredescasanare.com\/index.php\/product\/combo-gamer-weibo-ref-wb-550\/","title":{"rendered":"COMBO GAMER WEIBO REF. WB-550"},"content":{"rendered":"<p>Con este kit de teclado y mouse Weibo llevar\u00e1s tus partidas a otro nivel. Destinado a un p\u00fablico gamer, potencia tu performance en distintos juegos. Con este combo, podr\u00e1s darle un uso intensivo a estos dispositivos y disfrutar de interminables horas de diversi\u00f3n.<\/p>\n","protected":false},"excerpt":{"rendered":"<p>CARACTERISTICAS:<br \/>\nTECLADO<br \/>\n&#8211; retroiluminaci\u00f3n en 3 colores<br \/>\n&#8211; 104 teclas<br \/>\n&#8211; conexion usb 2.0<br \/>\n&#8211; largo del cable: 1.5m<\/p>\n<p>MOUSE:<br \/>\n&#8211; 3 teclas<br \/>\n&#8211; 1000 DPI<br \/>\n&#8211; retroiluminado 7 colores<br \/>\n&#8211; largo del cable: 1.5m<\/p>\n","protected":false},"featured_media":3430,"template":"","meta":{"_uag_custom_page_level_css":"","_joinchat":[]},"product_cat":[41,40],"product_tag":[],"uagb_featured_image_src":{"full":["https:\/\/electroredescasanare.com\/wp-content\/uploads\/2023\/08\/WhatsApp-Image-2023-08-15-at-10.06.26-AM.jpeg",600,586,false],"thumbnail":["https:\/\/electroredescasanare.com\/wp-content\/uploads\/2023\/08\/WhatsApp-Image-2023-08-15-at-10.06.26-AM-150x150.jpeg",150,150,true],"medium":["https:\/\/electroredescasanare.com\/wp-content\/uploads\/2023\/08\/WhatsApp-Image-2023-08-15-at-10.06.26-AM-300x293.jpeg",300,293,true],"medium_large":["https:\/\/electroredescasanare.com\/wp-content\/uploads\/2023\/08\/WhatsApp-Image-2023-08-15-at-10.06.26-AM.jpeg",600,586,false],"large":["https:\/\/electroredescasanare.com\/wp-content\/uploads\/2023\/08\/WhatsApp-Image-2023-08-15-at-10.06.26-AM.jpeg",600,586,false],"1536x1536":["https:\/\/electroredescasanare.com\/wp-content\/uploads\/2023\/08\/WhatsApp-Image-2023-08-15-at-10.06.26-AM.jpeg",600,586,false],"2048x2048":["https:\/\/electroredescasanare.com\/wp-content\/uploads\/2023\/08\/WhatsApp-Image-2023-08-15-at-10.06.26-AM.jpeg",600,586,false],"post-thumbnail":["https:\/\/electroredescasanare.com\/wp-content\/uploads\/2023\/08\/WhatsApp-Image-2023-08-15-at-10.06.26-AM.jpeg",389,380,false],"vantage-thumbnail-no-sidebar":["https:\/\/electroredescasanare.com\/wp-content\/uploads\/2023\/08\/WhatsApp-Image-2023-08-15-at-10.06.26-AM.jpeg",389,380,false],"vantage-slide":["https:\/\/electroredescasanare.com\/wp-content\/uploads\/2023\/08\/WhatsApp-Image-2023-08-15-at-10.06.26-AM.jpeg",491,480,false],"vantage-carousel":["https:\/\/electroredescasanare.com\/wp-content\/uploads\/2023\/08\/WhatsApp-Image-2023-08-15-at-10.06.26-AM.jpeg",186,182,false],"vantage-grid-loop":["https:\/\/electroredescasanare.com\/wp-content\/uploads\/2023\/08\/WhatsApp-Image-2023-08-15-at-10.06.26-AM.jpeg",278,272,false],"mailpoet_newsletter_max":["https:\/\/electroredescasanare.com\/wp-content\/uploads\/2023\/08\/WhatsApp-Image-2023-08-15-at-10.06.26-AM.jpeg",600,586,false],"woocommerce_thumbnail":["https:\/\/electroredescasanare.com\/wp-content\/uploads\/2023\/08\/WhatsApp-Image-2023-08-15-at-10.06.26-AM-300x300.jpeg",300,300,true],"woocommerce_single":["https:\/\/electroredescasanare.com\/wp-content\/uploads\/2023\/08\/WhatsApp-Image-2023-08-15-at-10.06.26-AM.jpeg",600,586,false],"woocommerce_gallery_thumbnail":["https:\/\/electroredescasanare.com\/wp-content\/uploads\/2023\/08\/WhatsApp-Image-2023-08-15-at-10.06.26-AM-100x100.jpeg",100,100,true]},"uagb_author_info":{"display_name":"jhonacost@gmail.com","author_link":"https:\/\/electroredescasanare.com\/index.php\/author\/"},"uagb_comment_info":0,"uagb_excerpt":"CARACTERISTICAS: TECLADO - retroiluminaci\u00f3n en 3 colores - 104 teclas - conexion usb 2.0 - largo del cable: 1.5m MOUSE: - 3 teclas - 1000 DPI - retroiluminado 7 colores - largo del cable: 1.5m","_links":{"self":[{"href":"https:\/\/electroredescasanare.com\/index.php\/wp-json\/wp\/v3\/product\/3428"}],"collection":[{"href":"https:\/\/electroredescasanare.com\/index.php\/wp-json\/wp\/v3\/product"}],"about":[{"href":"https:\/\/electroredescasanare.com\/index.php\/wp-json\/wp\/v2\/types\/product"}],"wp:featuredmedia":[{"embeddable":true,"href":"https:\/\/electroredescasanare.com\/index.php\/wp-json\/wp\/v2\/media\/3430"}],"wp:attachment":[{"href":"https:\/\/electroredescasanare.com\/index.php\/wp-json\/wp\/v2\/media?parent=3428"}],"wp:term":[{"taxonomy":"product_cat","embeddable":true,"href":"https:\/\/electroredescasanare.com\/index.php\/wp-json\/wp\/v2\/product_cat?post=3428"},{"taxonomy":"product_tag","embeddable":true,"href":"https:\/\/electroredescasanare.com\/index.php\/wp-json\/wp\/v2\/product_tag?post=3428"}],"curies":[{"name":"wp","href":"https:\/\/api.w.org\/{rel}","templated":true}]}}