{"id":3423,"date":"2023-08-09T15:21:38","date_gmt":"2023-08-09T20:21:38","guid":{"rendered":"https:\/\/electroredescasanare.com\/?post_type=product&#038;p=3423"},"modified":"2023-08-09T16:06:45","modified_gmt":"2023-08-09T21:06:45","slug":"combo-gamer-linx-ref-cbg-01x4","status":"publish","type":"product","link":"https:\/\/electroredescasanare.com\/index.php\/product\/combo-gamer-linx-ref-cbg-01x4\/","title":{"rendered":"COMBO GAMER LINX REF. CBG-01X4"},"content":{"rendered":"<p>Este kit combina un teclado mec\u00e1nico de alta respuesta y un mouse preciso y ergon\u00f3mico, brindando una experiencia de juego inmersiva y c\u00f3moda. El teclado mec\u00e1nico incluido en este kit utiliza interruptores mec\u00e1nicos de alta calidad, que ofrecen una respuesta t\u00e1ctil y auditiva distintiva en cada pulsaci\u00f3n<\/p>\n","protected":false},"excerpt":{"rendered":"<p>CARACTERISTICAS:<br \/>\nTECLADO<br \/>\n&#8211; 104 teclas<br \/>\n&#8211; medidas: 430*125*31mm<\/p>\n<p>MOUSE:<br \/>\n&#8211; medidas:132*75*31mm<br \/>\n&#8211; 3 teclas<br \/>\n&#8211; 1200 DPI<br \/>\n&#8211; retroiluminado 7 colores<br \/>\n&#8211; teclado confortable<\/p>\n<p>DIADEMA:<br \/>\n&#8211; plug 3.5mm<br \/>\n&#8211; unidad de conduccion: 40mm<br \/>\n&#8211; poder maximo: 45mv<br \/>\n-rango de respuesta defrecuencia: 20-20khz<br \/>\n&#8211; la impedancia nominal: 32 ohm<br \/>\n&#8211; sensibilidad: 108db\/mw auricular<br \/>\n&#8211; longitud del cable: 1.75 cm<\/p>\n<p>PAD MOUSE<br \/>\n&#8211; medida: 250*350*15mm<br \/>\n&#8211; color: naranja y negro<\/p>\n","protected":false},"featured_media":3427,"template":"","meta":{"_uag_custom_page_level_css":"","_joinchat":[]},"product_cat":[41,40],"product_tag":[],"uagb_featured_image_src":{"full":["https:\/\/electroredescasanare.com\/wp-content\/uploads\/2023\/08\/WhatsApp-Image-2023-08-09-at-3.19.43-PM.jpeg",1600,1200,false],"thumbnail":["https:\/\/electroredescasanare.com\/wp-content\/uploads\/2023\/08\/WhatsApp-Image-2023-08-09-at-3.19.43-PM-150x150.jpeg",150,150,true],"medium":["https:\/\/electroredescasanare.com\/wp-content\/uploads\/2023\/08\/WhatsApp-Image-2023-08-09-at-3.19.43-PM-300x225.jpeg",300,225,true],"medium_large":["https:\/\/electroredescasanare.com\/wp-content\/uploads\/2023\/08\/WhatsApp-Image-2023-08-09-at-3.19.43-PM-768x576.jpeg",720,540,true],"large":["https:\/\/electroredescasanare.com\/wp-content\/uploads\/2023\/08\/WhatsApp-Image-2023-08-09-at-3.19.43-PM-1024x768.jpeg",720,540,true],"1536x1536":["https:\/\/electroredescasanare.com\/wp-content\/uploads\/2023\/08\/WhatsApp-Image-2023-08-09-at-3.19.43-PM-1536x1152.jpeg",1536,1152,true],"2048x2048":["https:\/\/electroredescasanare.com\/wp-content\/uploads\/2023\/08\/WhatsApp-Image-2023-08-09-at-3.19.43-PM.jpeg",1600,1200,false],"post-thumbnail":["https:\/\/electroredescasanare.com\/wp-content\/uploads\/2023\/08\/WhatsApp-Image-2023-08-09-at-3.19.43-PM.jpeg",507,380,false],"vantage-thumbnail-no-sidebar":["https:\/\/electroredescasanare.com\/wp-content\/uploads\/2023\/08\/WhatsApp-Image-2023-08-09-at-3.19.43-PM.jpeg",507,380,false],"vantage-slide":["https:\/\/electroredescasanare.com\/wp-content\/uploads\/2023\/08\/WhatsApp-Image-2023-08-09-at-3.19.43-PM.jpeg",640,480,false],"vantage-carousel":["https:\/\/electroredescasanare.com\/wp-content\/uploads\/2023\/08\/WhatsApp-Image-2023-08-09-at-3.19.43-PM.jpeg",243,182,false],"vantage-grid-loop":["https:\/\/electroredescasanare.com\/wp-content\/uploads\/2023\/08\/WhatsApp-Image-2023-08-09-at-3.19.43-PM.jpeg",363,272,false],"mailpoet_newsletter_max":["https:\/\/electroredescasanare.com\/wp-content\/uploads\/2023\/08\/WhatsApp-Image-2023-08-09-at-3.19.43-PM-1320x990.jpeg",1320,990,true],"woocommerce_thumbnail":["https:\/\/electroredescasanare.com\/wp-content\/uploads\/2023\/08\/WhatsApp-Image-2023-08-09-at-3.19.43-PM-300x300.jpeg",300,300,true],"woocommerce_single":["https:\/\/electroredescasanare.com\/wp-content\/uploads\/2023\/08\/WhatsApp-Image-2023-08-09-at-3.19.43-PM-600x450.jpeg",600,450,true],"woocommerce_gallery_thumbnail":["https:\/\/electroredescasanare.com\/wp-content\/uploads\/2023\/08\/WhatsApp-Image-2023-08-09-at-3.19.43-PM-100x100.jpeg",100,100,true]},"uagb_author_info":{"display_name":"jhonacost@gmail.com","author_link":"https:\/\/electroredescasanare.com\/index.php\/author\/"},"uagb_comment_info":0,"uagb_excerpt":"CARACTERISTICAS: TECLADO - 104 teclas - medidas: 430*125*31mm MOUSE: - medidas:132*75*31mm - 3 teclas - 1200 DPI - retroiluminado 7 colores - teclado confortable DIADEMA: - plug 3.5mm - unidad de conduccion: 40mm - poder maximo: 45mv -rango de respuesta defrecuencia: 20-20khz - la impedancia nominal: 32 ohm - sensibilidad: 108db\/mw auricular - longitud del&hellip;","_links":{"self":[{"href":"https:\/\/electroredescasanare.com\/index.php\/wp-json\/wp\/v3\/product\/3423"}],"collection":[{"href":"https:\/\/electroredescasanare.com\/index.php\/wp-json\/wp\/v3\/product"}],"about":[{"href":"https:\/\/electroredescasanare.com\/index.php\/wp-json\/wp\/v2\/types\/product"}],"wp:featuredmedia":[{"embeddable":true,"href":"https:\/\/electroredescasanare.com\/index.php\/wp-json\/wp\/v2\/media\/3427"}],"wp:attachment":[{"href":"https:\/\/electroredescasanare.com\/index.php\/wp-json\/wp\/v2\/media?parent=3423"}],"wp:term":[{"taxonomy":"product_cat","embeddable":true,"href":"https:\/\/electroredescasanare.com\/index.php\/wp-json\/wp\/v2\/product_cat?post=3423"},{"taxonomy":"product_tag","embeddable":true,"href":"https:\/\/electroredescasanare.com\/index.php\/wp-json\/wp\/v2\/product_tag?post=3423"}],"curies":[{"name":"wp","href":"https:\/\/api.w.org\/{rel}","templated":true}]}}