{"id":3409,"date":"2023-07-18T17:10:00","date_gmt":"2023-07-18T22:10:00","guid":{"rendered":"https:\/\/electroredescasanare.com\/?post_type=product&#038;p=3409"},"modified":"2023-07-28T10:37:50","modified_gmt":"2023-07-28T15:37:50","slug":"combo-gamer-jyr-ref-ctmgjr-014","status":"publish","type":"product","link":"https:\/\/electroredescasanare.com\/index.php\/product\/combo-gamer-jyr-ref-ctmgjr-014\/","title":{"rendered":"COMBO GAMER JYR REF. CTMGJR-014"},"content":{"rendered":"<p>Combo Gamer multimedia 2 en 1: Diadema y Mouse con dise\u00f1o exclusivo, cuenta con iluminaci\u00f3n LED, con este kit de llevar\u00e1s tus partidas a otro nivel. Destinado a un p\u00fablico gamer, potencia tu performance en distintos juegos. Compatible con Windows, Android, Linux. \u00a1Sum\u00e9rgete en la batalla y lucha como un campe\u00f3n!<\/p>\n","protected":false},"excerpt":{"rendered":"<p>CARACTERISTICAS:<br \/>\n&#8211; Mouse Gamer 6 botones<br \/>\n&#8211; Scroll Dentado<br \/>\n&#8211; Click Confortable<br \/>\n&#8211; Cable Acordonado<br \/>\n&#8211; 800-1200-1600-2000 DPI<br \/>\n&#8211; Diadema Gamer<br \/>\n&#8211; Altavoz 40mm<br \/>\n&#8211; Sensibilidad: 120 dB<br \/>\n&#8211; Frecuencia de respuesta: 20Hz-20, 20,000 Hz<br \/>\n&#8211; Cable: 1.84m<br \/>\n&#8211; Plug: 3.5 + USB<br \/>\n&#8211; Micr\u00f3fono Frecuencia de respuesta: 75 \u2013 16,000 Hz<br \/>\n&#8211; Sensibilidad: -42dB 2dB<br \/>\n&#8211; Impedancia: 2.2K<br \/>\n&#8211; Mouse Pad 28*22.5*0.4 cm.<br \/>\n&#8211; Compatible con Windows, Android, Linux. Iluminaci\u00f3n LED.<\/p>\n","protected":false},"featured_media":3412,"template":"","meta":{"_uag_custom_page_level_css":"","_joinchat":[]},"product_cat":[41,40],"product_tag":[],"uagb_featured_image_src":{"full":["https:\/\/electroredescasanare.com\/wp-content\/uploads\/2023\/07\/WhatsApp-Image-2023-07-18-at-5.07.28-PM-5.jpeg",1000,1000,false],"thumbnail":["https:\/\/electroredescasanare.com\/wp-content\/uploads\/2023\/07\/WhatsApp-Image-2023-07-18-at-5.07.28-PM-5-150x150.jpeg",150,150,true],"medium":["https:\/\/electroredescasanare.com\/wp-content\/uploads\/2023\/07\/WhatsApp-Image-2023-07-18-at-5.07.28-PM-5-300x300.jpeg",300,300,true],"medium_large":["https:\/\/electroredescasanare.com\/wp-content\/uploads\/2023\/07\/WhatsApp-Image-2023-07-18-at-5.07.28-PM-5-768x768.jpeg",720,720,true],"large":["https:\/\/electroredescasanare.com\/wp-content\/uploads\/2023\/07\/WhatsApp-Image-2023-07-18-at-5.07.28-PM-5.jpeg",720,720,false],"1536x1536":["https:\/\/electroredescasanare.com\/wp-content\/uploads\/2023\/07\/WhatsApp-Image-2023-07-18-at-5.07.28-PM-5.jpeg",1000,1000,false],"2048x2048":["https:\/\/electroredescasanare.com\/wp-content\/uploads\/2023\/07\/WhatsApp-Image-2023-07-18-at-5.07.28-PM-5.jpeg",1000,1000,false],"post-thumbnail":["https:\/\/electroredescasanare.com\/wp-content\/uploads\/2023\/07\/WhatsApp-Image-2023-07-18-at-5.07.28-PM-5.jpeg",380,380,false],"vantage-thumbnail-no-sidebar":["https:\/\/electroredescasanare.com\/wp-content\/uploads\/2023\/07\/WhatsApp-Image-2023-07-18-at-5.07.28-PM-5.jpeg",380,380,false],"vantage-slide":["https:\/\/electroredescasanare.com\/wp-content\/uploads\/2023\/07\/WhatsApp-Image-2023-07-18-at-5.07.28-PM-5.jpeg",480,480,false],"vantage-carousel":["https:\/\/electroredescasanare.com\/wp-content\/uploads\/2023\/07\/WhatsApp-Image-2023-07-18-at-5.07.28-PM-5.jpeg",182,182,false],"vantage-grid-loop":["https:\/\/electroredescasanare.com\/wp-content\/uploads\/2023\/07\/WhatsApp-Image-2023-07-18-at-5.07.28-PM-5.jpeg",272,272,false],"mailpoet_newsletter_max":["https:\/\/electroredescasanare.com\/wp-content\/uploads\/2023\/07\/WhatsApp-Image-2023-07-18-at-5.07.28-PM-5.jpeg",1000,1000,false],"woocommerce_thumbnail":["https:\/\/electroredescasanare.com\/wp-content\/uploads\/2023\/07\/WhatsApp-Image-2023-07-18-at-5.07.28-PM-5-300x300.jpeg",300,300,true],"woocommerce_single":["https:\/\/electroredescasanare.com\/wp-content\/uploads\/2023\/07\/WhatsApp-Image-2023-07-18-at-5.07.28-PM-5-600x600.jpeg",600,600,true],"woocommerce_gallery_thumbnail":["https:\/\/electroredescasanare.com\/wp-content\/uploads\/2023\/07\/WhatsApp-Image-2023-07-18-at-5.07.28-PM-5-100x100.jpeg",100,100,true]},"uagb_author_info":{"display_name":"jhonacost@gmail.com","author_link":"https:\/\/electroredescasanare.com\/index.php\/author\/"},"uagb_comment_info":0,"uagb_excerpt":"CARACTERISTICAS: - Mouse Gamer 6 botones - Scroll Dentado - Click Confortable - Cable Acordonado - 800-1200-1600-2000 DPI - Diadema Gamer - Altavoz 40mm - Sensibilidad: 120 dB - Frecuencia de respuesta: 20Hz-20, 20,000 Hz - Cable: 1.84m - Plug: 3.5 + USB - Micr\u00f3fono Frecuencia de respuesta: 75 \u2013 16,000 Hz - Sensibilidad: -42dB&hellip;","_links":{"self":[{"href":"https:\/\/electroredescasanare.com\/index.php\/wp-json\/wp\/v3\/product\/3409"}],"collection":[{"href":"https:\/\/electroredescasanare.com\/index.php\/wp-json\/wp\/v3\/product"}],"about":[{"href":"https:\/\/electroredescasanare.com\/index.php\/wp-json\/wp\/v2\/types\/product"}],"wp:featuredmedia":[{"embeddable":true,"href":"https:\/\/electroredescasanare.com\/index.php\/wp-json\/wp\/v2\/media\/3412"}],"wp:attachment":[{"href":"https:\/\/electroredescasanare.com\/index.php\/wp-json\/wp\/v2\/media?parent=3409"}],"wp:term":[{"taxonomy":"product_cat","embeddable":true,"href":"https:\/\/electroredescasanare.com\/index.php\/wp-json\/wp\/v2\/product_cat?post=3409"},{"taxonomy":"product_tag","embeddable":true,"href":"https:\/\/electroredescasanare.com\/index.php\/wp-json\/wp\/v2\/product_tag?post=3409"}],"curies":[{"name":"wp","href":"https:\/\/api.w.org\/{rel}","templated":true}]}}