{"id":3373,"date":"2023-07-18T12:23:30","date_gmt":"2023-07-18T17:23:30","guid":{"rendered":"https:\/\/electroredescasanare.com\/?post_type=product&#038;p=3373"},"modified":"2023-11-16T14:56:30","modified_gmt":"2023-11-16T19:56:30","slug":"monitor-samsung-19-5-20mk400","status":"publish","type":"product","link":"https:\/\/electroredescasanare.com\/index.php\/product\/monitor-samsung-19-5-20mk400\/","title":{"rendered":"MONITOR LG 19.5&#8243; REF. 20MK400"},"content":{"rendered":"<p>Experimenta una imagen vibrante desde cualquier \u00e1ngulo de visi\u00f3n, mayor productividad hasta en 4 pantallas con el modo Screen Split Multipantalla, con protecci\u00f3n antiparpadeo, y \u00f3ptimo para leer en pantalla gracias al Modo Lectura, 16.7M colores de profundidad para im\u00e1genes m\u00e1s naturales, Opciones de color customizadas a un solo click, Estabilizador de Negros, que permite colores oscuros m\u00e1s diferenciados<\/p>\n","protected":false},"excerpt":{"rendered":"<p>CARACTERISTICAS:<br \/>\n&#8211; Tama\u00f1o (Pulgada) 19.5&#8243; \/ 49.4cm<br \/>\n&#8211; Tipo panel TN<br \/>\n&#8211; Gama de Color (CIE 1931) 72%<br \/>\n&#8211; Profundidad de Color (N\u00ba colores) 16.7M colors<br \/>\n&#8211; Tama\u00f1o Pixel (mm) 0.3177 x 0.307 &#8211; Formato\/Aspecto 16:9<br \/>\n&#8211; Resoluci\u00f3n 1366 x 768<br \/>\n-Brillo 200cd\/m2 (T\u00edp.) 160cd\/m2 (Min.)<br \/>\n&#8211; Ratio de Contraste Original 600:1(T\u00edp.)<br \/>\n&#8211; Contraste Din\u00e1mico (DFC)<br \/>\n&#8211; Tiempo de Respuesta (GTG) 5ms\u00c1ngulo de Visi\u00f3n (CR\u226510) 90\/65 (CR\u226510)<br \/>\n&#8211; Tratamiento de superficies<br \/>\n&#8211; Antirreflejos, 3H<br \/>\n&#8211; Entrada de audio<br \/>\n&#8211; Entrada HDIMI<\/p>\n","protected":false},"featured_media":3376,"template":"","meta":{"_uag_custom_page_level_css":"","_joinchat":[]},"product_cat":[39,33],"product_tag":[],"uagb_featured_image_src":{"full":["https:\/\/electroredescasanare.com\/wp-content\/uploads\/2023\/07\/image-removebg-preview-3-2.png",613,407,false],"thumbnail":["https:\/\/electroredescasanare.com\/wp-content\/uploads\/2023\/07\/image-removebg-preview-3-2-150x150.png",150,150,true],"medium":["https:\/\/electroredescasanare.com\/wp-content\/uploads\/2023\/07\/image-removebg-preview-3-2-300x199.png",300,199,true],"medium_large":["https:\/\/electroredescasanare.com\/wp-content\/uploads\/2023\/07\/image-removebg-preview-3-2.png",613,407,false],"large":["https:\/\/electroredescasanare.com\/wp-content\/uploads\/2023\/07\/image-removebg-preview-3-2.png",613,407,false],"1536x1536":["https:\/\/electroredescasanare.com\/wp-content\/uploads\/2023\/07\/image-removebg-preview-3-2.png",613,407,false],"2048x2048":["https:\/\/electroredescasanare.com\/wp-content\/uploads\/2023\/07\/image-removebg-preview-3-2.png",613,407,false],"post-thumbnail":["https:\/\/electroredescasanare.com\/wp-content\/uploads\/2023\/07\/image-removebg-preview-3-2.png",572,380,false],"vantage-thumbnail-no-sidebar":["https:\/\/electroredescasanare.com\/wp-content\/uploads\/2023\/07\/image-removebg-preview-3-2.png",572,380,false],"vantage-slide":["https:\/\/electroredescasanare.com\/wp-content\/uploads\/2023\/07\/image-removebg-preview-3-2.png",613,407,false],"vantage-carousel":["https:\/\/electroredescasanare.com\/wp-content\/uploads\/2023\/07\/image-removebg-preview-3-2.png",272,182,false],"vantage-grid-loop":["https:\/\/electroredescasanare.com\/wp-content\/uploads\/2023\/07\/image-removebg-preview-3-2.png",410,272,false],"mailpoet_newsletter_max":["https:\/\/electroredescasanare.com\/wp-content\/uploads\/2023\/07\/image-removebg-preview-3-2.png",613,407,false],"woocommerce_thumbnail":["https:\/\/electroredescasanare.com\/wp-content\/uploads\/2023\/07\/image-removebg-preview-3-2-300x300.png",300,300,true],"woocommerce_single":["https:\/\/electroredescasanare.com\/wp-content\/uploads\/2023\/07\/image-removebg-preview-3-2-600x398.png",600,398,true],"woocommerce_gallery_thumbnail":["https:\/\/electroredescasanare.com\/wp-content\/uploads\/2023\/07\/image-removebg-preview-3-2-100x100.png",100,100,true]},"uagb_author_info":{"display_name":"jhonacost@gmail.com","author_link":"https:\/\/electroredescasanare.com\/index.php\/author\/"},"uagb_comment_info":0,"uagb_excerpt":"CARACTERISTICAS: - Tama\u00f1o (Pulgada) 19.5\" \/ 49.4cm - Tipo panel TN - Gama de Color (CIE 1931) 72% - Profundidad de Color (N\u00ba colores) 16.7M colors - Tama\u00f1o Pixel (mm) 0.3177 x 0.307 - Formato\/Aspecto 16:9 - Resoluci\u00f3n 1366 x 768 -Brillo 200cd\/m2 (T\u00edp.) 160cd\/m2 (Min.) - Ratio de Contraste Original 600:1(T\u00edp.) - Contraste Din\u00e1mico&hellip;","_links":{"self":[{"href":"https:\/\/electroredescasanare.com\/index.php\/wp-json\/wp\/v3\/product\/3373"}],"collection":[{"href":"https:\/\/electroredescasanare.com\/index.php\/wp-json\/wp\/v3\/product"}],"about":[{"href":"https:\/\/electroredescasanare.com\/index.php\/wp-json\/wp\/v2\/types\/product"}],"wp:featuredmedia":[{"embeddable":true,"href":"https:\/\/electroredescasanare.com\/index.php\/wp-json\/wp\/v2\/media\/3376"}],"wp:attachment":[{"href":"https:\/\/electroredescasanare.com\/index.php\/wp-json\/wp\/v2\/media?parent=3373"}],"wp:term":[{"taxonomy":"product_cat","embeddable":true,"href":"https:\/\/electroredescasanare.com\/index.php\/wp-json\/wp\/v2\/product_cat?post=3373"},{"taxonomy":"product_tag","embeddable":true,"href":"https:\/\/electroredescasanare.com\/index.php\/wp-json\/wp\/v2\/product_tag?post=3373"}],"curies":[{"name":"wp","href":"https:\/\/api.w.org\/{rel}","templated":true}]}}