{"id":3366,"date":"2023-07-18T11:33:38","date_gmt":"2023-07-18T16:33:38","guid":{"rendered":"https:\/\/electroredescasanare.com\/?post_type=product&#038;p=3366"},"modified":"2023-10-26T16:26:30","modified_gmt":"2023-10-26T21:26:30","slug":"monitor-samsung-22-s33a","status":"publish","type":"product","link":"https:\/\/electroredescasanare.com\/index.php\/product\/monitor-samsung-22-s33a\/","title":{"rendered":"MONITOR SAMSUNG 22&#8243; REF. S33A"},"content":{"rendered":"<p>Experimenta una imagen vibrante desde cualquier \u00e1ngulo de visi\u00f3n. Gracias al Game Mode optimiza instant\u00e1neamente el contraste de la pantalla para brindarte una ventaja competitiva durante el juego. Potencializa tu productividad trabajando en una pantalla mas grande, al mismo tiempo que cuidas de tu salud visual con las diferentes tecnolog\u00edas.<\/p>\n","protected":false},"excerpt":{"rendered":"<p>CARACTERISTICAS:<\/p>\n<p>-Tama\u00f1o 22 Pulgadas<br \/>\n&#8211; Tama\u00f1o 50 Cent\u00edmetros<br \/>\n&#8211; Contraste 3,000:1(Typ.)<br \/>\n&#8211; Velocidad de Respuesta del Monitor : 5 Milisegundos<br \/>\n&#8211; Pantalla LED<br \/>\n&#8211; Resoluci\u00f3n FHD<br \/>\n&#8211; Pantalla Plana<br \/>\n&#8211; Puerto DVI<br \/>\n&#8211; Puerto HDMI<br \/>\n&#8211; Puerto VGA<br \/>\n&#8211; Salida de Parlantes<br \/>\n&#8211; Color Negro<br \/>\n&#8211; Modelo Referencia:LS22A336NHLXZL<\/p>\n","protected":false},"featured_media":3367,"template":"","meta":{"_uag_custom_page_level_css":"","_joinchat":[]},"product_cat":[39,33],"product_tag":[],"uagb_featured_image_src":{"full":["https:\/\/electroredescasanare.com\/wp-content\/uploads\/2023\/07\/1-5.jpg",750,750,false],"thumbnail":["https:\/\/electroredescasanare.com\/wp-content\/uploads\/2023\/07\/1-5-150x150.jpg",150,150,true],"medium":["https:\/\/electroredescasanare.com\/wp-content\/uploads\/2023\/07\/1-5-300x300.jpg",300,300,true],"medium_large":["https:\/\/electroredescasanare.com\/wp-content\/uploads\/2023\/07\/1-5.jpg",720,720,false],"large":["https:\/\/electroredescasanare.com\/wp-content\/uploads\/2023\/07\/1-5.jpg",720,720,false],"1536x1536":["https:\/\/electroredescasanare.com\/wp-content\/uploads\/2023\/07\/1-5.jpg",750,750,false],"2048x2048":["https:\/\/electroredescasanare.com\/wp-content\/uploads\/2023\/07\/1-5.jpg",750,750,false],"post-thumbnail":["https:\/\/electroredescasanare.com\/wp-content\/uploads\/2023\/07\/1-5.jpg",380,380,false],"vantage-thumbnail-no-sidebar":["https:\/\/electroredescasanare.com\/wp-content\/uploads\/2023\/07\/1-5.jpg",380,380,false],"vantage-slide":["https:\/\/electroredescasanare.com\/wp-content\/uploads\/2023\/07\/1-5.jpg",480,480,false],"vantage-carousel":["https:\/\/electroredescasanare.com\/wp-content\/uploads\/2023\/07\/1-5.jpg",182,182,false],"vantage-grid-loop":["https:\/\/electroredescasanare.com\/wp-content\/uploads\/2023\/07\/1-5.jpg",272,272,false],"mailpoet_newsletter_max":["https:\/\/electroredescasanare.com\/wp-content\/uploads\/2023\/07\/1-5.jpg",750,750,false],"woocommerce_thumbnail":["https:\/\/electroredescasanare.com\/wp-content\/uploads\/2023\/07\/1-5-300x300.jpg",300,300,true],"woocommerce_single":["https:\/\/electroredescasanare.com\/wp-content\/uploads\/2023\/07\/1-5-600x600.jpg",600,600,true],"woocommerce_gallery_thumbnail":["https:\/\/electroredescasanare.com\/wp-content\/uploads\/2023\/07\/1-5-100x100.jpg",100,100,true]},"uagb_author_info":{"display_name":"jhonacost@gmail.com","author_link":"https:\/\/electroredescasanare.com\/index.php\/author\/"},"uagb_comment_info":0,"uagb_excerpt":"CARACTERISTICAS: -Tama\u00f1o 22 Pulgadas - Tama\u00f1o 50 Cent\u00edmetros - Contraste 3,000:1(Typ.) - Velocidad de Respuesta del Monitor : 5 Milisegundos - Pantalla LED - Resoluci\u00f3n FHD - Pantalla Plana - Puerto DVI - Puerto HDMI - Puerto VGA - Salida de Parlantes - Color Negro - Modelo Referencia:LS22A336NHLXZL","_links":{"self":[{"href":"https:\/\/electroredescasanare.com\/index.php\/wp-json\/wp\/v3\/product\/3366"}],"collection":[{"href":"https:\/\/electroredescasanare.com\/index.php\/wp-json\/wp\/v3\/product"}],"about":[{"href":"https:\/\/electroredescasanare.com\/index.php\/wp-json\/wp\/v2\/types\/product"}],"wp:featuredmedia":[{"embeddable":true,"href":"https:\/\/electroredescasanare.com\/index.php\/wp-json\/wp\/v2\/media\/3367"}],"wp:attachment":[{"href":"https:\/\/electroredescasanare.com\/index.php\/wp-json\/wp\/v2\/media?parent=3366"}],"wp:term":[{"taxonomy":"product_cat","embeddable":true,"href":"https:\/\/electroredescasanare.com\/index.php\/wp-json\/wp\/v2\/product_cat?post=3366"},{"taxonomy":"product_tag","embeddable":true,"href":"https:\/\/electroredescasanare.com\/index.php\/wp-json\/wp\/v2\/product_tag?post=3366"}],"curies":[{"name":"wp","href":"https:\/\/api.w.org\/{rel}","templated":true}]}}