{"id":3341,"date":"2023-07-17T12:04:57","date_gmt":"2023-07-17T17:04:57","guid":{"rendered":"https:\/\/electroredescasanare.com\/?post_type=product&#038;p=3341"},"modified":"2023-07-17T14:54:25","modified_gmt":"2023-07-17T19:54:25","slug":"memoria-ram-dr3-4gb-portatil","status":"publish","type":"product","link":"https:\/\/electroredescasanare.com\/index.php\/product\/memoria-ram-dr3-4gb-portatil\/","title":{"rendered":"MEMORIA RAM DDR3 4GB PORTATIL"},"content":{"rendered":"<p>Las Memorias RAM , Mejoran la capacidad y rendimiento de tu computadora, que cubrir\u00e1 todas tus necesidades. Dispara la productividad y ejecuta tus programas y aplicaciones con mayor velocidad.<\/p>\n","protected":false},"excerpt":{"rendered":"<p>(im\u00e1genes de referencia)<\/p>\n<p>CARACTERISTICAS:<br \/>\n&#8211; exclusivo para port\u00e1til<br \/>\n&#8211; Capacidad total: 4 GB<br \/>\n&#8211; velocidades disponibles: 1333, 1600<br \/>\n&#8211; Tecnolog\u00eda: DDR3 SDRAM<br \/>\n&#8211; Formato: SODIMM ideal para port\u00e1tiles<br \/>\n&#8211; Marcas disponibles: Kingston, crucial, adata.<\/p>\n","protected":false},"featured_media":3344,"template":"","meta":{"_uag_custom_page_level_css":"","_joinchat":[]},"product_cat":[34,33],"product_tag":[],"uagb_featured_image_src":{"full":["https:\/\/electroredescasanare.com\/wp-content\/uploads\/2023\/07\/1-3.jpg",602,602,false],"thumbnail":["https:\/\/electroredescasanare.com\/wp-content\/uploads\/2023\/07\/1-3-150x150.jpg",150,150,true],"medium":["https:\/\/electroredescasanare.com\/wp-content\/uploads\/2023\/07\/1-3-300x300.jpg",300,300,true],"medium_large":["https:\/\/electroredescasanare.com\/wp-content\/uploads\/2023\/07\/1-3.jpg",602,602,false],"large":["https:\/\/electroredescasanare.com\/wp-content\/uploads\/2023\/07\/1-3.jpg",602,602,false],"1536x1536":["https:\/\/electroredescasanare.com\/wp-content\/uploads\/2023\/07\/1-3.jpg",602,602,false],"2048x2048":["https:\/\/electroredescasanare.com\/wp-content\/uploads\/2023\/07\/1-3.jpg",602,602,false],"post-thumbnail":["https:\/\/electroredescasanare.com\/wp-content\/uploads\/2023\/07\/1-3.jpg",380,380,false],"vantage-thumbnail-no-sidebar":["https:\/\/electroredescasanare.com\/wp-content\/uploads\/2023\/07\/1-3.jpg",380,380,false],"vantage-slide":["https:\/\/electroredescasanare.com\/wp-content\/uploads\/2023\/07\/1-3.jpg",480,480,false],"vantage-carousel":["https:\/\/electroredescasanare.com\/wp-content\/uploads\/2023\/07\/1-3.jpg",182,182,false],"vantage-grid-loop":["https:\/\/electroredescasanare.com\/wp-content\/uploads\/2023\/07\/1-3.jpg",272,272,false],"mailpoet_newsletter_max":["https:\/\/electroredescasanare.com\/wp-content\/uploads\/2023\/07\/1-3.jpg",602,602,false],"woocommerce_thumbnail":["https:\/\/electroredescasanare.com\/wp-content\/uploads\/2023\/07\/1-3-300x300.jpg",300,300,true],"woocommerce_single":["https:\/\/electroredescasanare.com\/wp-content\/uploads\/2023\/07\/1-3-600x600.jpg",600,600,true],"woocommerce_gallery_thumbnail":["https:\/\/electroredescasanare.com\/wp-content\/uploads\/2023\/07\/1-3-100x100.jpg",100,100,true]},"uagb_author_info":{"display_name":"jhonacost@gmail.com","author_link":"https:\/\/electroredescasanare.com\/index.php\/author\/"},"uagb_comment_info":0,"uagb_excerpt":"(im\u00e1genes de referencia) CARACTERISTICAS: - exclusivo para port\u00e1til - Capacidad total: 4 GB - velocidades disponibles: 1333, 1600 - Tecnolog\u00eda: DDR3 SDRAM - Formato: SODIMM ideal para port\u00e1tiles - Marcas disponibles: Kingston, crucial, adata.","_links":{"self":[{"href":"https:\/\/electroredescasanare.com\/index.php\/wp-json\/wp\/v3\/product\/3341"}],"collection":[{"href":"https:\/\/electroredescasanare.com\/index.php\/wp-json\/wp\/v3\/product"}],"about":[{"href":"https:\/\/electroredescasanare.com\/index.php\/wp-json\/wp\/v2\/types\/product"}],"wp:featuredmedia":[{"embeddable":true,"href":"https:\/\/electroredescasanare.com\/index.php\/wp-json\/wp\/v2\/media\/3344"}],"wp:attachment":[{"href":"https:\/\/electroredescasanare.com\/index.php\/wp-json\/wp\/v2\/media?parent=3341"}],"wp:term":[{"taxonomy":"product_cat","embeddable":true,"href":"https:\/\/electroredescasanare.com\/index.php\/wp-json\/wp\/v2\/product_cat?post=3341"},{"taxonomy":"product_tag","embeddable":true,"href":"https:\/\/electroredescasanare.com\/index.php\/wp-json\/wp\/v2\/product_tag?post=3341"}],"curies":[{"name":"wp","href":"https:\/\/api.w.org\/{rel}","templated":true}]}}