{"id":3250,"date":"2023-07-07T10:27:00","date_gmt":"2023-07-07T15:27:00","guid":{"rendered":"https:\/\/electroredescasanare.com\/?post_type=product&#038;p=3250"},"modified":"2023-07-15T16:39:14","modified_gmt":"2023-07-15T21:39:14","slug":"fuente-de-poder-jaltech-750w","status":"publish","type":"product","link":"https:\/\/electroredescasanare.com\/index.php\/product\/fuente-de-poder-jaltech-750w\/","title":{"rendered":"FUENTE DE PODER JALTECH 750W"},"content":{"rendered":"<p>Fuente de poder para equipos de c\u00f3mputo con protecci\u00f3n de altos voltajes y entrega de energ\u00eda regulada, cuenta con switch de encendido y cambio de voltaje, incluye cable de poder.<\/p>\n","protected":false},"excerpt":{"rendered":"<p>CARACTERISTICAS:<br \/>\n&#8211; 24 pines.<br \/>\n&#8211; Incluye cable de poder de 1,5m.<br \/>\n&#8211; Ventilador de 8cm.<br \/>\n&#8211; 2 conectores sata.<br \/>\n&#8211; Cable enmallado.<br \/>\n&#8211; 2 anillos magn\u00e9ticos que garantizan el buen funcionamiento de la fuente de poder.<br \/>\n&#8211; Alta eficacia.<br \/>\n&#8211; Sobre protecci\u00f3n de energ\u00eda.<br \/>\n&#8211; Protecci\u00f3n contra cortos circuitos.<br \/>\n&#8211; Protecci\u00f3n de sobre voltaje.<br \/>\n&#8211; 4 pin + 12V conector de energ\u00eda para pentium 4.<br \/>\n&#8211; Cumple con el requerimiento vl 1950 CSA 22,2 nivel 3.<br \/>\n&#8211; 100% de funcionamiento en condiciones extremas hasta 50\u00b0C.<br \/>\n&#8211; Cumple con los m\u00e1s altos est\u00e1ndares internacionales.<br \/>\n&#8211; Medidas: Alto 9cm * Ancho 14cm * Fondo 15cm.<\/p>\n","protected":false},"featured_media":3320,"template":"","meta":{"_uag_custom_page_level_css":"","_joinchat":[]},"product_cat":[35,33],"product_tag":[],"uagb_featured_image_src":{"full":["https:\/\/electroredescasanare.com\/wp-content\/uploads\/2023\/07\/fuente4.jpg",602,602,false],"thumbnail":["https:\/\/electroredescasanare.com\/wp-content\/uploads\/2023\/07\/fuente4-150x150.jpg",150,150,true],"medium":["https:\/\/electroredescasanare.com\/wp-content\/uploads\/2023\/07\/fuente4-300x300.jpg",300,300,true],"medium_large":["https:\/\/electroredescasanare.com\/wp-content\/uploads\/2023\/07\/fuente4.jpg",602,602,false],"large":["https:\/\/electroredescasanare.com\/wp-content\/uploads\/2023\/07\/fuente4.jpg",602,602,false],"1536x1536":["https:\/\/electroredescasanare.com\/wp-content\/uploads\/2023\/07\/fuente4.jpg",602,602,false],"2048x2048":["https:\/\/electroredescasanare.com\/wp-content\/uploads\/2023\/07\/fuente4.jpg",602,602,false],"post-thumbnail":["https:\/\/electroredescasanare.com\/wp-content\/uploads\/2023\/07\/fuente4.jpg",380,380,false],"vantage-thumbnail-no-sidebar":["https:\/\/electroredescasanare.com\/wp-content\/uploads\/2023\/07\/fuente4.jpg",380,380,false],"vantage-slide":["https:\/\/electroredescasanare.com\/wp-content\/uploads\/2023\/07\/fuente4.jpg",480,480,false],"vantage-carousel":["https:\/\/electroredescasanare.com\/wp-content\/uploads\/2023\/07\/fuente4.jpg",182,182,false],"vantage-grid-loop":["https:\/\/electroredescasanare.com\/wp-content\/uploads\/2023\/07\/fuente4.jpg",272,272,false],"mailpoet_newsletter_max":["https:\/\/electroredescasanare.com\/wp-content\/uploads\/2023\/07\/fuente4.jpg",602,602,false],"woocommerce_thumbnail":["https:\/\/electroredescasanare.com\/wp-content\/uploads\/2023\/07\/fuente4-300x300.jpg",300,300,true],"woocommerce_single":["https:\/\/electroredescasanare.com\/wp-content\/uploads\/2023\/07\/fuente4-600x600.jpg",600,600,true],"woocommerce_gallery_thumbnail":["https:\/\/electroredescasanare.com\/wp-content\/uploads\/2023\/07\/fuente4-100x100.jpg",100,100,true]},"uagb_author_info":{"display_name":"jhonacost@gmail.com","author_link":"https:\/\/electroredescasanare.com\/index.php\/author\/"},"uagb_comment_info":0,"uagb_excerpt":"CARACTERISTICAS: - 24 pines. - Incluye cable de poder de 1,5m. - Ventilador de 8cm. - 2 conectores sata. - Cable enmallado. - 2 anillos magn\u00e9ticos que garantizan el buen funcionamiento de la fuente de poder. - Alta eficacia. - Sobre protecci\u00f3n de energ\u00eda. - Protecci\u00f3n contra cortos circuitos. - Protecci\u00f3n de sobre voltaje. -&hellip;","_links":{"self":[{"href":"https:\/\/electroredescasanare.com\/index.php\/wp-json\/wp\/v3\/product\/3250"}],"collection":[{"href":"https:\/\/electroredescasanare.com\/index.php\/wp-json\/wp\/v3\/product"}],"about":[{"href":"https:\/\/electroredescasanare.com\/index.php\/wp-json\/wp\/v2\/types\/product"}],"wp:featuredmedia":[{"embeddable":true,"href":"https:\/\/electroredescasanare.com\/index.php\/wp-json\/wp\/v2\/media\/3320"}],"wp:attachment":[{"href":"https:\/\/electroredescasanare.com\/index.php\/wp-json\/wp\/v2\/media?parent=3250"}],"wp:term":[{"taxonomy":"product_cat","embeddable":true,"href":"https:\/\/electroredescasanare.com\/index.php\/wp-json\/wp\/v2\/product_cat?post=3250"},{"taxonomy":"product_tag","embeddable":true,"href":"https:\/\/electroredescasanare.com\/index.php\/wp-json\/wp\/v2\/product_tag?post=3250"}],"curies":[{"name":"wp","href":"https:\/\/api.w.org\/{rel}","templated":true}]}}