{"id":3249,"date":"2023-06-29T14:43:17","date_gmt":"2023-06-29T19:43:17","guid":{"rendered":"https:\/\/electroredescasanare.com\/?post_type=product&#038;p=3249"},"modified":"2023-10-26T16:29:25","modified_gmt":"2023-10-26T21:29:25","slug":"fuente-de-real-poder-jyr-psu-006-550w","status":"publish","type":"product","link":"https:\/\/electroredescasanare.com\/index.php\/product\/fuente-de-real-poder-jyr-psu-006-550w\/","title":{"rendered":"FUENTE DE PODER REAL JYR 550W REF. PSU-006"},"content":{"rendered":"<p>Fuente de poder para equipos de c\u00f3mputo 550W 2 en 1: Conexi\u00f3n doble Sata e Ide, bajo nivel de ruido y ondulaci\u00f3n, certificaci\u00f3n FCC y CE, ventilador silencioso, tipo de enfriamiento activo, protecci\u00f3n de altos voltajes y entrega de energ\u00eda regulada, cuenta con swiche de encendido y cambio de voltaje, incluye cable de poder.<\/p>\n","protected":false},"excerpt":{"rendered":"<p>CARACTERISTICAS:<br \/>\n&#8211; Tipo de fuente de alimentaci\u00f3n para PC: ATX<br \/>\n&#8211; Refrigeraci\u00f3n por aire<br \/>\n&#8211; tiene protecci\u00f3n de bajo voltaje<br \/>\n&#8211; 8 conectores HDD<br \/>\n&#8211; 6 conectores SATA<br \/>\n&#8211; 2 conectores PCI-E<br \/>\n&#8211; Certificaci\u00f3n de eficiencia: 80 Plus Silver<br \/>\n&#8211; Di\u00e1metro del ventilador: 14 cm<br \/>\n&#8211; Potencia maxima: 550W reales<br \/>\n&#8211; ERP listo con menos consumo de energ\u00eda de 1W<br \/>\n&#8211; Alta fiabilidad MTBF mayor a 1000.00 horas<\/p>\n","protected":false},"featured_media":3336,"template":"","meta":{"_uag_custom_page_level_css":"","_joinchat":[]},"product_cat":[35,33],"product_tag":[],"uagb_featured_image_src":{"full":["https:\/\/electroredescasanare.com\/wp-content\/uploads\/2023\/06\/3-1.jpg",602,602,false],"thumbnail":["https:\/\/electroredescasanare.com\/wp-content\/uploads\/2023\/06\/3-1-150x150.jpg",150,150,true],"medium":["https:\/\/electroredescasanare.com\/wp-content\/uploads\/2023\/06\/3-1-300x300.jpg",300,300,true],"medium_large":["https:\/\/electroredescasanare.com\/wp-content\/uploads\/2023\/06\/3-1.jpg",602,602,false],"large":["https:\/\/electroredescasanare.com\/wp-content\/uploads\/2023\/06\/3-1.jpg",602,602,false],"1536x1536":["https:\/\/electroredescasanare.com\/wp-content\/uploads\/2023\/06\/3-1.jpg",602,602,false],"2048x2048":["https:\/\/electroredescasanare.com\/wp-content\/uploads\/2023\/06\/3-1.jpg",602,602,false],"post-thumbnail":["https:\/\/electroredescasanare.com\/wp-content\/uploads\/2023\/06\/3-1.jpg",380,380,false],"vantage-thumbnail-no-sidebar":["https:\/\/electroredescasanare.com\/wp-content\/uploads\/2023\/06\/3-1.jpg",380,380,false],"vantage-slide":["https:\/\/electroredescasanare.com\/wp-content\/uploads\/2023\/06\/3-1.jpg",480,480,false],"vantage-carousel":["https:\/\/electroredescasanare.com\/wp-content\/uploads\/2023\/06\/3-1.jpg",182,182,false],"vantage-grid-loop":["https:\/\/electroredescasanare.com\/wp-content\/uploads\/2023\/06\/3-1.jpg",272,272,false],"mailpoet_newsletter_max":["https:\/\/electroredescasanare.com\/wp-content\/uploads\/2023\/06\/3-1.jpg",602,602,false],"woocommerce_thumbnail":["https:\/\/electroredescasanare.com\/wp-content\/uploads\/2023\/06\/3-1-300x300.jpg",300,300,true],"woocommerce_single":["https:\/\/electroredescasanare.com\/wp-content\/uploads\/2023\/06\/3-1-600x600.jpg",600,600,true],"woocommerce_gallery_thumbnail":["https:\/\/electroredescasanare.com\/wp-content\/uploads\/2023\/06\/3-1-100x100.jpg",100,100,true]},"uagb_author_info":{"display_name":"jhonacost@gmail.com","author_link":"https:\/\/electroredescasanare.com\/index.php\/author\/"},"uagb_comment_info":0,"uagb_excerpt":"CARACTERISTICAS: - Tipo de fuente de alimentaci\u00f3n para PC: ATX - Refrigeraci\u00f3n por aire - tiene protecci\u00f3n de bajo voltaje - 8 conectores HDD - 6 conectores SATA - 2 conectores PCI-E - Certificaci\u00f3n de eficiencia: 80 Plus Silver - Di\u00e1metro del ventilador: 14 cm - Potencia maxima: 550W reales - ERP listo con menos&hellip;","_links":{"self":[{"href":"https:\/\/electroredescasanare.com\/index.php\/wp-json\/wp\/v3\/product\/3249"}],"collection":[{"href":"https:\/\/electroredescasanare.com\/index.php\/wp-json\/wp\/v3\/product"}],"about":[{"href":"https:\/\/electroredescasanare.com\/index.php\/wp-json\/wp\/v2\/types\/product"}],"wp:featuredmedia":[{"embeddable":true,"href":"https:\/\/electroredescasanare.com\/index.php\/wp-json\/wp\/v2\/media\/3336"}],"wp:attachment":[{"href":"https:\/\/electroredescasanare.com\/index.php\/wp-json\/wp\/v2\/media?parent=3249"}],"wp:term":[{"taxonomy":"product_cat","embeddable":true,"href":"https:\/\/electroredescasanare.com\/index.php\/wp-json\/wp\/v2\/product_cat?post=3249"},{"taxonomy":"product_tag","embeddable":true,"href":"https:\/\/electroredescasanare.com\/index.php\/wp-json\/wp\/v2\/product_tag?post=3249"}],"curies":[{"name":"wp","href":"https:\/\/api.w.org\/{rel}","templated":true}]}}