{"id":3234,"date":"2023-06-28T16:52:20","date_gmt":"2023-06-28T21:52:20","guid":{"rendered":"https:\/\/electroredescasanare.com\/?post_type=product&#038;p=3234"},"modified":"2023-10-26T16:34:04","modified_gmt":"2023-10-26T21:34:04","slug":"fuente-de-poder-jyr-psu-004","status":"publish","type":"product","link":"https:\/\/electroredescasanare.com\/index.php\/product\/fuente-de-poder-jyr-psu-004\/","title":{"rendered":"FUENTE DE PODER JYR REF. PSU-004"},"content":{"rendered":"<p>Fuente de poder para equipos de c\u00f3mputo 780W 2 en 1: Conexi\u00f3n doble Sata e Ide, bajo nivel de ruido y ondulaci\u00f3n, certificaci\u00f3n FCC y CE, ventilador de 3\u201d silencioso, tipo de enfriamiento activo, protecci\u00f3n de altos voltajes y entrega de energ\u00eda regulada, cuenta con swiche de encendido y cambio de voltaje, incluye cable de poder.<\/p>\n","protected":false},"excerpt":{"rendered":"<p>CARACTERISTICAS:<br \/>\n&#8211; Tipo de fuente de alimentaci\u00f3n para PC: ATX<br \/>\n&#8211; con ventilador para refrigeraci\u00f3n<br \/>\n-tiene protecci\u00f3n de bajo voltaje<br \/>\n&#8211; 2 conectores HDD<br \/>\n&#8211; 2 conectores SATA<br \/>\n&#8211; Di\u00e1metro del ventilador: 8 cm<\/p>\n","protected":false},"featured_media":3325,"template":"","meta":{"_uag_custom_page_level_css":"","_joinchat":[]},"product_cat":[35,33],"product_tag":[],"uagb_featured_image_src":{"full":["https:\/\/electroredescasanare.com\/wp-content\/uploads\/2023\/06\/2.jpg",602,602,false],"thumbnail":["https:\/\/electroredescasanare.com\/wp-content\/uploads\/2023\/06\/2-150x150.jpg",150,150,true],"medium":["https:\/\/electroredescasanare.com\/wp-content\/uploads\/2023\/06\/2-300x300.jpg",300,300,true],"medium_large":["https:\/\/electroredescasanare.com\/wp-content\/uploads\/2023\/06\/2.jpg",602,602,false],"large":["https:\/\/electroredescasanare.com\/wp-content\/uploads\/2023\/06\/2.jpg",602,602,false],"1536x1536":["https:\/\/electroredescasanare.com\/wp-content\/uploads\/2023\/06\/2.jpg",602,602,false],"2048x2048":["https:\/\/electroredescasanare.com\/wp-content\/uploads\/2023\/06\/2.jpg",602,602,false],"post-thumbnail":["https:\/\/electroredescasanare.com\/wp-content\/uploads\/2023\/06\/2.jpg",380,380,false],"vantage-thumbnail-no-sidebar":["https:\/\/electroredescasanare.com\/wp-content\/uploads\/2023\/06\/2.jpg",380,380,false],"vantage-slide":["https:\/\/electroredescasanare.com\/wp-content\/uploads\/2023\/06\/2.jpg",480,480,false],"vantage-carousel":["https:\/\/electroredescasanare.com\/wp-content\/uploads\/2023\/06\/2.jpg",182,182,false],"vantage-grid-loop":["https:\/\/electroredescasanare.com\/wp-content\/uploads\/2023\/06\/2.jpg",272,272,false],"mailpoet_newsletter_max":["https:\/\/electroredescasanare.com\/wp-content\/uploads\/2023\/06\/2.jpg",602,602,false],"woocommerce_thumbnail":["https:\/\/electroredescasanare.com\/wp-content\/uploads\/2023\/06\/2-300x300.jpg",300,300,true],"woocommerce_single":["https:\/\/electroredescasanare.com\/wp-content\/uploads\/2023\/06\/2-600x600.jpg",600,600,true],"woocommerce_gallery_thumbnail":["https:\/\/electroredescasanare.com\/wp-content\/uploads\/2023\/06\/2-100x100.jpg",100,100,true]},"uagb_author_info":{"display_name":"jhonacost@gmail.com","author_link":"https:\/\/electroredescasanare.com\/index.php\/author\/"},"uagb_comment_info":0,"uagb_excerpt":"CARACTERISTICAS: - Tipo de fuente de alimentaci\u00f3n para PC: ATX - con ventilador para refrigeraci\u00f3n -tiene protecci\u00f3n de bajo voltaje - 2 conectores HDD - 2 conectores SATA - Di\u00e1metro del ventilador: 8 cm","_links":{"self":[{"href":"https:\/\/electroredescasanare.com\/index.php\/wp-json\/wp\/v3\/product\/3234"}],"collection":[{"href":"https:\/\/electroredescasanare.com\/index.php\/wp-json\/wp\/v3\/product"}],"about":[{"href":"https:\/\/electroredescasanare.com\/index.php\/wp-json\/wp\/v2\/types\/product"}],"wp:featuredmedia":[{"embeddable":true,"href":"https:\/\/electroredescasanare.com\/index.php\/wp-json\/wp\/v2\/media\/3325"}],"wp:attachment":[{"href":"https:\/\/electroredescasanare.com\/index.php\/wp-json\/wp\/v2\/media?parent=3234"}],"wp:term":[{"taxonomy":"product_cat","embeddable":true,"href":"https:\/\/electroredescasanare.com\/index.php\/wp-json\/wp\/v2\/product_cat?post=3234"},{"taxonomy":"product_tag","embeddable":true,"href":"https:\/\/electroredescasanare.com\/index.php\/wp-json\/wp\/v2\/product_tag?post=3234"}],"curies":[{"name":"wp","href":"https:\/\/api.w.org\/{rel}","templated":true}]}}