{"id":3224,"date":"2023-06-28T11:11:03","date_gmt":"2023-06-28T16:11:03","guid":{"rendered":"https:\/\/electroredescasanare.com\/?post_type=product&#038;p=3224"},"modified":"2023-07-15T15:52:03","modified_gmt":"2023-07-15T20:52:03","slug":"chasis-gamer-unitec-ref-n1906","status":"publish","type":"product","link":"https:\/\/electroredescasanare.com\/index.php\/product\/chasis-gamer-unitec-ref-n1906\/","title":{"rendered":"CHASIS GAMER UNITEC REF. N1906"},"content":{"rendered":"<p>Dise\u00f1ado exclusivo met\u00e1lica perforada lateral y panel trasero para permitir una r\u00e1pida disipaci\u00f3n del calor y una r\u00e1pida entrada de aire para una m\u00e1xima ventilaci\u00f3n. El pie elevado en la parte inferior ayuda a mejorar el flujo de aire.<\/p>\n","protected":false},"excerpt":{"rendered":"<p>CARACTERISTICAS:<br \/>\n-Linea LED RGB de secuencia autom\u00e1tica.<br \/>\n&#8211; Frontal en lamina met\u00e1lica y tapa lateral en vidrio templado.<br \/>\n&#8211; En la parte superior USB 2.0 y 3.0<br \/>\n&#8211; 2 Jack de audio uno para auricular y otro para audio.<br \/>\n&#8211; Bot\u00f3n de encendido y Reset.<br \/>\n&#8211; Rejilla magn\u00e9tica.<br \/>\n&#8211; Espacio para disco mec\u00e1nico en la parte inferior.<br \/>\n&#8211; Espacio para 2 discos solidos en la parte lateral a fuente en la parte inferior para evitar conflictos al instalar la Mainboard.<br \/>\n&#8211; Permite la instalaci\u00f3n de Board ATX Miniboard ATX ITX.<br \/>\n&#8211; 7 ranuras para tarjetas de video o PCI.<br \/>\n&#8211; Medidas: Alto 45cms, Ancho 19cms, Profundo 30cms.<\/p>\n","protected":false},"featured_media":3313,"template":"","meta":{"_uag_custom_page_level_css":"","_joinchat":[]},"product_cat":[38,33],"product_tag":[],"uagb_featured_image_src":{"full":["https:\/\/electroredescasanare.com\/wp-content\/uploads\/2023\/06\/unitec-1-1.jpg",602,602,false],"thumbnail":["https:\/\/electroredescasanare.com\/wp-content\/uploads\/2023\/06\/unitec-1-1-150x150.jpg",150,150,true],"medium":["https:\/\/electroredescasanare.com\/wp-content\/uploads\/2023\/06\/unitec-1-1-300x300.jpg",300,300,true],"medium_large":["https:\/\/electroredescasanare.com\/wp-content\/uploads\/2023\/06\/unitec-1-1.jpg",602,602,false],"large":["https:\/\/electroredescasanare.com\/wp-content\/uploads\/2023\/06\/unitec-1-1.jpg",602,602,false],"1536x1536":["https:\/\/electroredescasanare.com\/wp-content\/uploads\/2023\/06\/unitec-1-1.jpg",602,602,false],"2048x2048":["https:\/\/electroredescasanare.com\/wp-content\/uploads\/2023\/06\/unitec-1-1.jpg",602,602,false],"post-thumbnail":["https:\/\/electroredescasanare.com\/wp-content\/uploads\/2023\/06\/unitec-1-1.jpg",380,380,false],"vantage-thumbnail-no-sidebar":["https:\/\/electroredescasanare.com\/wp-content\/uploads\/2023\/06\/unitec-1-1.jpg",380,380,false],"vantage-slide":["https:\/\/electroredescasanare.com\/wp-content\/uploads\/2023\/06\/unitec-1-1.jpg",480,480,false],"vantage-carousel":["https:\/\/electroredescasanare.com\/wp-content\/uploads\/2023\/06\/unitec-1-1.jpg",182,182,false],"vantage-grid-loop":["https:\/\/electroredescasanare.com\/wp-content\/uploads\/2023\/06\/unitec-1-1.jpg",272,272,false],"mailpoet_newsletter_max":["https:\/\/electroredescasanare.com\/wp-content\/uploads\/2023\/06\/unitec-1-1.jpg",602,602,false],"woocommerce_thumbnail":["https:\/\/electroredescasanare.com\/wp-content\/uploads\/2023\/06\/unitec-1-1-300x300.jpg",300,300,true],"woocommerce_single":["https:\/\/electroredescasanare.com\/wp-content\/uploads\/2023\/06\/unitec-1-1-600x600.jpg",600,600,true],"woocommerce_gallery_thumbnail":["https:\/\/electroredescasanare.com\/wp-content\/uploads\/2023\/06\/unitec-1-1-100x100.jpg",100,100,true]},"uagb_author_info":{"display_name":"jhonacost@gmail.com","author_link":"https:\/\/electroredescasanare.com\/index.php\/author\/"},"uagb_comment_info":0,"uagb_excerpt":"CARACTERISTICAS: -Linea LED RGB de secuencia autom\u00e1tica. - Frontal en lamina met\u00e1lica y tapa lateral en vidrio templado. - En la parte superior USB 2.0 y 3.0 - 2 Jack de audio uno para auricular y otro para audio. - Bot\u00f3n de encendido y Reset. - Rejilla magn\u00e9tica. - Espacio para disco mec\u00e1nico en la&hellip;","_links":{"self":[{"href":"https:\/\/electroredescasanare.com\/index.php\/wp-json\/wp\/v3\/product\/3224"}],"collection":[{"href":"https:\/\/electroredescasanare.com\/index.php\/wp-json\/wp\/v3\/product"}],"about":[{"href":"https:\/\/electroredescasanare.com\/index.php\/wp-json\/wp\/v2\/types\/product"}],"wp:featuredmedia":[{"embeddable":true,"href":"https:\/\/electroredescasanare.com\/index.php\/wp-json\/wp\/v2\/media\/3313"}],"wp:attachment":[{"href":"https:\/\/electroredescasanare.com\/index.php\/wp-json\/wp\/v2\/media?parent=3224"}],"wp:term":[{"taxonomy":"product_cat","embeddable":true,"href":"https:\/\/electroredescasanare.com\/index.php\/wp-json\/wp\/v2\/product_cat?post=3224"},{"taxonomy":"product_tag","embeddable":true,"href":"https:\/\/electroredescasanare.com\/index.php\/wp-json\/wp\/v2\/product_tag?post=3224"}],"curies":[{"name":"wp","href":"https:\/\/api.w.org\/{rel}","templated":true}]}}