{"id":3220,"date":"2023-06-28T09:01:22","date_gmt":"2023-06-28T14:01:22","guid":{"rendered":"https:\/\/electroredescasanare.com\/?post_type=product&#038;p=3220"},"modified":"2023-07-15T15:41:10","modified_gmt":"2023-07-15T20:41:10","slug":"chasis-gamer-unitec-ref-n1905","status":"publish","type":"product","link":"https:\/\/electroredescasanare.com\/index.php\/product\/chasis-gamer-unitec-ref-n1905\/","title":{"rendered":"CHASIS GAMER UNITEC REF. N1905"},"content":{"rendered":"<p>Dise\u00f1ado para uso gamer malla met\u00e1lica perforada lateral y panel trasero para permitir una r\u00e1pida disipaci\u00f3n del calor y una r\u00e1pida entrada de aire para una m\u00e1xima ventilaci\u00f3n. El pie elevado en la parte inferior ayuda a mejorar el flujo de aire.<\/p>\n","protected":false},"excerpt":{"rendered":"<p>CARACTERISTICAS:<br \/>\n&#8211; No Incluye fuente de alimentaci\u00f3n<br \/>\n&#8211; Tipo de estructura Mid tower<br \/>\n&#8211; Altura: 45 cm<br \/>\n&#8211; Ancho: 19cm &#8211; Largo: 39 cm<br \/>\n&#8211; Bahias para HDD de 3,5 mm : 1<br \/>\n&#8211; Bahias para HDD\/SSD 2,5&#8243;: 2<br \/>\n-Panel frontal en malla<br \/>\n&#8211; Vidrio templado lateral<\/p>\n","protected":false},"featured_media":3310,"template":"","meta":{"_uag_custom_page_level_css":"","_joinchat":[]},"product_cat":[38,33],"product_tag":[],"uagb_featured_image_src":{"full":["https:\/\/electroredescasanare.com\/wp-content\/uploads\/2023\/06\/unitec-2.jpg",602,602,false],"thumbnail":["https:\/\/electroredescasanare.com\/wp-content\/uploads\/2023\/06\/unitec-2-150x150.jpg",150,150,true],"medium":["https:\/\/electroredescasanare.com\/wp-content\/uploads\/2023\/06\/unitec-2-300x300.jpg",300,300,true],"medium_large":["https:\/\/electroredescasanare.com\/wp-content\/uploads\/2023\/06\/unitec-2.jpg",602,602,false],"large":["https:\/\/electroredescasanare.com\/wp-content\/uploads\/2023\/06\/unitec-2.jpg",602,602,false],"1536x1536":["https:\/\/electroredescasanare.com\/wp-content\/uploads\/2023\/06\/unitec-2.jpg",602,602,false],"2048x2048":["https:\/\/electroredescasanare.com\/wp-content\/uploads\/2023\/06\/unitec-2.jpg",602,602,false],"post-thumbnail":["https:\/\/electroredescasanare.com\/wp-content\/uploads\/2023\/06\/unitec-2.jpg",380,380,false],"vantage-thumbnail-no-sidebar":["https:\/\/electroredescasanare.com\/wp-content\/uploads\/2023\/06\/unitec-2.jpg",380,380,false],"vantage-slide":["https:\/\/electroredescasanare.com\/wp-content\/uploads\/2023\/06\/unitec-2.jpg",480,480,false],"vantage-carousel":["https:\/\/electroredescasanare.com\/wp-content\/uploads\/2023\/06\/unitec-2.jpg",182,182,false],"vantage-grid-loop":["https:\/\/electroredescasanare.com\/wp-content\/uploads\/2023\/06\/unitec-2.jpg",272,272,false],"mailpoet_newsletter_max":["https:\/\/electroredescasanare.com\/wp-content\/uploads\/2023\/06\/unitec-2.jpg",602,602,false],"woocommerce_thumbnail":["https:\/\/electroredescasanare.com\/wp-content\/uploads\/2023\/06\/unitec-2-300x300.jpg",300,300,true],"woocommerce_single":["https:\/\/electroredescasanare.com\/wp-content\/uploads\/2023\/06\/unitec-2-600x600.jpg",600,600,true],"woocommerce_gallery_thumbnail":["https:\/\/electroredescasanare.com\/wp-content\/uploads\/2023\/06\/unitec-2-100x100.jpg",100,100,true]},"uagb_author_info":{"display_name":"jhonacost@gmail.com","author_link":"https:\/\/electroredescasanare.com\/index.php\/author\/"},"uagb_comment_info":0,"uagb_excerpt":"CARACTERISTICAS: - No Incluye fuente de alimentaci\u00f3n - Tipo de estructura Mid tower - Altura: 45 cm - Ancho: 19cm - Largo: 39 cm - Bahias para HDD de 3,5 mm : 1 - Bahias para HDD\/SSD 2,5\": 2 -Panel frontal en malla - Vidrio templado lateral","_links":{"self":[{"href":"https:\/\/electroredescasanare.com\/index.php\/wp-json\/wp\/v3\/product\/3220"}],"collection":[{"href":"https:\/\/electroredescasanare.com\/index.php\/wp-json\/wp\/v3\/product"}],"about":[{"href":"https:\/\/electroredescasanare.com\/index.php\/wp-json\/wp\/v2\/types\/product"}],"wp:featuredmedia":[{"embeddable":true,"href":"https:\/\/electroredescasanare.com\/index.php\/wp-json\/wp\/v2\/media\/3310"}],"wp:attachment":[{"href":"https:\/\/electroredescasanare.com\/index.php\/wp-json\/wp\/v2\/media?parent=3220"}],"wp:term":[{"taxonomy":"product_cat","embeddable":true,"href":"https:\/\/electroredescasanare.com\/index.php\/wp-json\/wp\/v2\/product_cat?post=3220"},{"taxonomy":"product_tag","embeddable":true,"href":"https:\/\/electroredescasanare.com\/index.php\/wp-json\/wp\/v2\/product_tag?post=3220"}],"curies":[{"name":"wp","href":"https:\/\/api.w.org\/{rel}","templated":true}]}}