{"id":119,"date":"2020-08-20T10:02:41","date_gmt":"2020-08-20T15:02:41","guid":{"rendered":"https:\/\/electroredescasanare.com\/index.php\/about-us\/"},"modified":"2025-05-24T10:25:16","modified_gmt":"2025-05-24T15:25:16","slug":"about-us","status":"publish","type":"page","link":"https:\/\/electroredescasanare.com\/index.php\/about-us\/","title":{"rendered":""},"content":{"rendered":"\n<div class=\"wp-block-uagb-container uagb-block-000f4066 alignfull uagb-is-root-container\"><div class=\"uagb-container-inner-blocks-wrap\">\n\n\n<div class=\"wp-block-uagb-container uagb-block-53646341\">\n<p>.<\/p>\n\n\n\n<p>.<\/p>\n<\/div>\n<\/div><\/div>\n\n\n\n<div class=\"wp-block-uagb-container uagb-block-d1bea457 alignfull uagb-is-root-container\"><div class=\"uagb-container-inner-blocks-wrap\">\n<div class=\"wp-block-uagb-advanced-heading uagb-block-659a7fb2\"><h1 class=\"uagb-heading-text\">Acerca de nosotros<\/h1><\/div>\n<\/div><\/div>\n\n\n\n<div class=\"wp-block-uagb-container uagb-block-1071fdb0 alignfull uagb-is-root-container\"><div class=\"uagb-container-inner-blocks-wrap\">\n<div class=\"wp-block-uagb-advanced-heading uagb-block-5becbaad\"><h2 class=\"uagb-heading-text\">Nuestra compa\u00f1ia<\/h2><p class=\"uagb-desc-text\">Empresa Casanare\u00f1a con 13 a\u00f1os en el mercado; especializada en inform\u00e1tica, telecomunicaciones, sistemas de seguridad, soporte TI a empresas y usuario final. Prestamos servicios de calidad, generando confianza a nuestros clientes.<\/p><\/div>\n\n\n\n<div class=\"wp-block-uagb-image aligncenter uagb-block-b7aa61c7 wp-block-uagb-image--layout-default wp-block-uagb-image--effect-static wp-block-uagb-image--align-center\"><figure class=\"wp-block-uagb-image__figure\"><img decoding=\"async\" srcset=\"https:\/\/electroredescasanare.com\/wp-content\/uploads\/2023\/06\/WhatsApp-Image-2023-05-18-at-11.24.48-AM.jpeg \" sizes=\"(max-width: 480px) 150px\" src=\"https:\/\/electroredescasanare.com\/wp-content\/uploads\/2023\/06\/WhatsApp-Image-2023-05-18-at-11.24.48-AM.jpeg\" alt=\"\" class=\"uag-image-2991\" width=\"1000\" height=\"500\" title=\"\" loading=\"lazy\"\/><\/figure><\/div>\n<\/div><\/div>\n\n\n\n<div class=\"wp-block-uagb-container uagb-block-d831a9e4 alignfull uagb-is-root-container\"><div class=\"uagb-container-inner-blocks-wrap\">\n<div class=\"wp-block-uagb-advanced-heading uagb-block-e174dd37\"><h2 class=\"uagb-heading-text\">Nuestro equipo<\/h2><p class=\"uagb-desc-text\">Somos un equipo altamente capacitado y motivado en solucionar las necesidades tecnologias de nuestros clientes, siempre comprometidos con su seguridad, y satisfacci\u00f3n, a trav\u00e9s de un talento humano con la mejor disposici\u00f3n.<\/p><\/div>\n\n\n\n<div class=\"wp-block-uagb-container uagb-block-61580812\">\n<div class=\"wp-block-uagb-image aligncenter uagb-block-a080525b wp-block-uagb-image--layout-default wp-block-uagb-image--effect-static wp-block-uagb-image--align-center\"><figure class=\"wp-block-uagb-image__figure\"><img decoding=\"async\" srcset=\"https:\/\/electroredescasanare.com\/wp-content\/uploads\/2023\/06\/WhatsApp-Image-2023-05-19-at-4.52.04-PM.jpeg \" sizes=\"(max-width: 480px) 150px\" src=\"https:\/\/electroredescasanare.com\/wp-content\/uploads\/2023\/06\/WhatsApp-Image-2023-05-19-at-4.52.04-PM.jpeg\" alt=\"\" class=\"uag-image-3042\" width=\"1000\" height=\"700\" title=\"\" loading=\"lazy\"\/><\/figure><\/div>\n<\/div>\n<\/div><\/div>\n\n\n\n<div class=\"wp-block-uagb-container uagb-block-a3bdbfd1 alignfull uagb-is-root-container\"><div class=\"uagb-container-inner-blocks-wrap\">\n<div class=\"wp-block-uagb-container uagb-block-43d8a80f\">\n<div class=\"wp-block-group is-layout-constrained\"><div class=\"wp-block-group__inner-container\">\n<div class=\"wp-block-uagb-info-box uagb-block-3085e7f3 uagb-infobox__content-wrap  uagb-infobox-icon-above-title uagb-infobox-image-valign-top\"><div class=\"uagb-ifb-content\"><div class=\"uagb-ifb-title-wrap\"><h2 class=\"uagb-ifb-title\">\u00bfSufriendo con la informaci\u00f3n? \u00a1Aqu\u00ed te ayudamos!<\/h2><\/div><div class=\"uagb-ifb-button-wrapper wp-block-button\"><a href=\"#\" class=\"uagb-infobox-cta-link wp-block-button__link\" target=\"_self\" rel=\"noopener noreferrer\" onclick=\"return false;\" alt=\"\"><span class=\"uagb-inline-editing\">\u00a1te esperamos!<\/span><\/a><\/div><\/div><\/div>\n<\/div><\/div>\n<\/div>\n<\/div><\/div>\n","protected":false},"excerpt":{"rendered":"","protected":false},"author":1,"featured_media":0,"parent":0,"menu_order":0,"comment_status":"closed","ping_status":"closed","template":"","meta":{"_uag_custom_page_level_css":"","_joinchat":[]},"uagb_featured_image_src":{"full":false,"thumbnail":false,"medium":false,"medium_large":false,"large":false,"1536x1536":false,"2048x2048":false,"post-thumbnail":false,"vantage-thumbnail-no-sidebar":false,"vantage-slide":false,"vantage-carousel":false,"vantage-grid-loop":false,"mailpoet_newsletter_max":false,"woocommerce_thumbnail":false,"woocommerce_single":false,"woocommerce_gallery_thumbnail":false},"uagb_author_info":{"display_name":"jhonacost@gmail.com","author_link":"https:\/\/electroredescasanare.com\/index.php\/author\/jhonacostgmail-com\/"},"uagb_comment_info":0,"uagb_excerpt":null,"_links":{"self":[{"href":"https:\/\/electroredescasanare.com\/index.php\/wp-json\/wp\/v2\/pages\/119"}],"collection":[{"href":"https:\/\/electroredescasanare.com\/index.php\/wp-json\/wp\/v2\/pages"}],"about":[{"href":"https:\/\/electroredescasanare.com\/index.php\/wp-json\/wp\/v2\/types\/page"}],"author":[{"embeddable":true,"href":"https:\/\/electroredescasanare.com\/index.php\/wp-json\/wp\/v2\/users\/1"}],"replies":[{"embeddable":true,"href":"https:\/\/electroredescasanare.com\/index.php\/wp-json\/wp\/v2\/comments?post=119"}],"version-history":[{"count":37,"href":"https:\/\/electroredescasanare.com\/index.php\/wp-json\/wp\/v2\/pages\/119\/revisions"}],"predecessor-version":[{"id":4529,"href":"https:\/\/electroredescasanare.com\/index.php\/wp-json\/wp\/v2\/pages\/119\/revisions\/4529"}],"wp:attachment":[{"href":"https:\/\/electroredescasanare.com\/index.php\/wp-json\/wp\/v2\/media?parent=119"}],"curies":[{"name":"wp","href":"https:\/\/api.w.org\/{rel}","templated":true}]}}